{"id":6387,"date":"2019-01-20T16:59:43","date_gmt":"2019-01-20T16:59:43","guid":{"rendered":"https:\/\/slvyra.com\/handicaps\/"},"modified":"2025-07-14T20:14:37","modified_gmt":"2025-07-14T20:14:37","slug":"handicaps","status":"publish","type":"page","link":"https:\/\/slvyra.com\/fr\/handicaps\/","title":{"rendered":"Handicaps"},"content":{"rendered":"<div class=\"wpb-content-wrapper\">[mk_page_section bg_image=\u00a0\u00bbhttps:\/\/slvyra.com\/wp-content\/uploads\/2019\/01\/scan.jpg\u00a0\u00bb bg_position=\u00a0\u00bbcenter center\u00a0\u00bb bg_repeat=\u00a0\u00bbno-repeat\u00a0\u00bb bg_stretch=\u00a0\u00bbtrue\u00a0\u00bb video_color_mask=\u00a0\u00bb#000000&Prime; min_height=\u00a0\u00bb0&Prime; full_width=\u00a0\u00bbtrue\u00a0\u00bb padding_top=\u00a0\u00bb70&Prime; padding_bottom=\u00a0\u00bb0&Prime; first_page=\u00a0\u00bbfalse\u00a0\u00bb last_page=\u00a0\u00bbfalse\u00a0\u00bb sidebar=\u00a0\u00bbsidebar-1&Prime;][vc_column width=\u00a0\u00bb1\/6&Prime;][\/vc_column][vc_column width=\u00a0\u00bb5\/6&Prime;][mk_padding_divider size=\u00a0\u00bb70&Prime;][mk_fancy_title color=\u00a0\u00bb#30a0e7&Prime; size=\u00a0\u00bb50&Prime; txt_transform=\u00a0\u00bbnone\u00a0\u00bb margin_top=\u00a0\u00bb5&Prime; margin_bottom=\u00a0\u00bb5&Prime; font_family=\u00a0\u00bbMontserrat\u00a0\u00bb font_type=\u00a0\u00bbgoogle\u00a0\u00bb]\n<div style=\"font-size: 25px; color: white; font-weight: normal;\">Informations sur la fa\u00e7on d&rsquo;obtenir un handicap PHRF valide<\/div>\n[\/mk_fancy_title][\/vc_column][\/mk_page_section][vc_row padding=\u00a0\u00bb0&Prime;][vc_column width=\u00a0\u00bb3\/4&Prime;][mk_fancy_title color=\u00a0\u00bb#222222&Prime; size=\u00a0\u00bb48&Prime; font_weight=\u00a0\u00bb300&Prime; txt_transform=\u00a0\u00bbcapitalize\u00a0\u00bb letter_spacing=\u00a0\u00bb1&Prime; margin_top=\u00a0\u00bb20&Prime; margin_bottom=\u00a0\u00bb0&Prime; font_family=\u00a0\u00bbMontserrat\u00a0\u00bb font_type=\u00a0\u00bbgoogle\u00a0\u00bb align=\u00a0\u00bbcenter\u00a0\u00bb]Handicaps[\/mk_fancy_title][vc_column_text disable_pattern=\u00a0\u00bbfalse\u00a0\u00bb css=\u00a0\u00bb.vc_custom_1551040213600{margin-bottom: 0px !important;}\u00a0\u00bb]\n<div style=\"color: #808080; font-size: 14px;\"><strong>Performance Handicap Racing Fleet (PHRF)<\/strong> est un syst\u00e8me de handicap utilis\u00e9 pour les courses de yachts en Am\u00e9rique du Nord. Cela permet \u00e0 des classes diff\u00e9rentes de voiliers d&rsquo;\u00eatre affront\u00e9es les unes aux autres. L\u2019objectif est d\u2019annuler les avantages et les inconv\u00e9nients inh\u00e9rents \u00e0 chaque classe de bateaux, afin que les r\u00e9sultats refl\u00e8tent les comp\u00e9tences de l\u2019\u00e9quipage plut\u00f4t que la sup\u00e9riorit\u00e9 des \u00e9quipements. Chaque r\u00e9gion a sa propre variation des r\u00e8gles et des notations PHRF, en fonction des conditions locales.<\/div>\n[\/vc_column_text][\/vc_column][vc_column width=\u00a0\u00bb1\/4&Prime;][mk_padding_divider size=\u00a0\u00bb60&Prime;][vc_single_image image=\u00a0\u00bb6261&Prime; alignment=\u00a0\u00bbcenter\u00a0\u00bb][\/vc_column][\/vc_row][vc_row padding=\u00a0\u00bb0&Prime;][vc_column width=\u00a0\u00bb1\/3&Prime;][mk_button dimension=\u00a0\u00bbflat\u00a0\u00bb corner_style=\u00a0\u00bbrounded\u00a0\u00bb size=\u00a0\u00bbmedium\u00a0\u00bb url=\u00a0\u00bbhttps:\/\/slvyra.com\/fr\/handicaps\/handicap-listings\/\u00a0\u00bb align=\u00a0\u00bbcenter\u00a0\u00bb bg_color=\u00a0\u00bb#1e73be\u00a0\u00bb btn_hover_bg=\u00a0\u00bb#81d742&Prime; btn_hover_txt_color=\u00a0\u00bb#000000&Prime;]Listes de handicap[\/mk_button][mk_padding_divider size=\u00a0\u00bb20&Prime;][\/vc_column][vc_column width=\u00a0\u00bb1\/3&Prime;][mk_button dimension=\u00a0\u00bbflat\u00a0\u00bb corner_style=\u00a0\u00bbrounded\u00a0\u00bb size=\u00a0\u00bbmedium\u00a0\u00bb url=\u00a0\u00bbhttps:\/\/slvyra.com\/wp-content\/uploads\/2025\/07\/slvyra_classesphrf2025v2-fr.pdf\u00a0\u00bb target=\u00a0\u00bb_blank\u00a0\u00bb align=\u00a0\u00bbcenter\u00a0\u00bb button_custom_width=\u00a0\u00bb250&Prime; bg_color=\u00a0\u00bb#81d742&Prime; btn_hover_bg=\u00a0\u00bb#000000&Prime; text_color=\u00a0\u00bbdark\u00a0\u00bb btn_hover_txt_color=\u00a0\u00bb#ffffff\u00a0\u00bb]CLASSES PHRF[\/mk_button][\/vc_column][vc_column width=\u00a0\u00bb1\/3&Prime;][mk_button dimension=\u00a0\u00bbflat\u00a0\u00bb corner_style=\u00a0\u00bbrounded\u00a0\u00bb size=\u00a0\u00bbmedium\u00a0\u00bb url=\u00a0\u00bbhttps:\/\/slvyra.com\/fr\/handicaps\/demander-un-handicap\/\u00a0\u00bb align=\u00a0\u00bbcenter\u00a0\u00bb bg_color=\u00a0\u00bb#1e73be\u00a0\u00bb btn_hover_bg=\u00a0\u00bb#81d742&Prime; btn_hover_txt_color=\u00a0\u00bb#000000&Prime;]Demander un handicap[\/mk_button][\/vc_column][\/vc_row][vc_row][vc_column width=\u00a0\u00bb5\/6&Prime;][vc_column_text css=\u00a0\u00bb.vc_custom_1551040647300{margin-bottom: 0px !important;}\u00a0\u00bb]Description de la proc\u00e9dure \u00e0 suivre pour obtenir et faire ajouter le handicap PHRF de votre voilier \u00e0 la liste ou pour mettre \u00e0 jour les informations pour un voilier d\u00e9j\u00e0 pr\u00e9sent sur la liste des voiliers.[\/vc_column_text][mk_fancy_title color=\u00a0\u00bb#222222&Prime; size=\u00a0\u00bb20&Prime; font_weight=\u00a0\u00bb300&Prime; txt_transform=\u00a0\u00bbnone\u00a0\u00bb letter_spacing=\u00a0\u00bb1&Prime; margin_top=\u00a0\u00bb20&Prime; margin_bottom=\u00a0\u00bb0&Prime; font_family=\u00a0\u00bbMontserrat\u00a0\u00bb font_type=\u00a0\u00bbgoogle\u00a0\u00bb]Si vous \u00eates membre d\u2019un Club affili\u00e9 \u00e0 la SLVYRA[\/mk_fancy_title][vc_column_text css=\u00a0\u00bb.vc_custom_1557410354945{margin-bottom: 0px !important;}\u00a0\u00bb]Vous devez contacter votre handicapeur de Club. Tous <strong><a href=\"https:\/\/slvyra.com\/fr\/a-propos\/clubs-membres\/\">les Clubs affili\u00e9s \u00e0 la SLVYRA<\/a><\/strong> sont repr\u00e9sent\u00e9s au comit\u00e9 r\u00e9gional des handicapeurs. La liste des <strong><a href=\"https:\/\/slvyra.com\/fr\/handicaps\/demander-un-handicap-2\/\">handicapeurs SLVYRA<\/a><\/strong> est disponible sur ce site.<\/p>\n<p>Pour \u00e9tablir votre handicap PHRF, l\u2019handicapeur de Club aura besoin de quelques informations concernant les \u00e9quipements de votre voilier; Nom du voilier, type de voilier, num\u00e9ro de voile, type de moteur, type d\u2019h\u00e9lice, type et nombre de voiles, type de handicap (avec spi ou Voiles Blanches).<\/p>\n<p>Une fois le handicap PHRF \u00e9tabli, l\u2019handicapeur communique le r\u00e9sultat au handicapeur en chef de la SLVYRA qui se charge de mettre \u00e0 jour la liste r\u00e9gionale des handicaps affich\u00e9e sur ce site. Cette liste est mise \u00e0 jour 6 \u00e0 7 fois durant la saison de voile.[\/vc_column_text][mk_fancy_title color=\u00a0\u00bb#222222&Prime; size=\u00a0\u00bb20&Prime; font_weight=\u00a0\u00bb300&Prime; txt_transform=\u00a0\u00bbnone\u00a0\u00bb letter_spacing=\u00a0\u00bb1&Prime; margin_top=\u00a0\u00bb20&Prime; margin_bottom=\u00a0\u00bb0&Prime; font_family=\u00a0\u00bbMontserrat\u00a0\u00bb font_type=\u00a0\u00bbgoogle\u00a0\u00bb]Si vous n\u2019\u00eates pas membre d\u2019un Club affili\u00e9 \u00e0 la SLVYRA[\/mk_fancy_title][vc_column_text css=\u00a0\u00bb.vc_custom_1557410803493{margin-bottom: 0px !important;}\u00a0\u00bb]Vous devez contacter directement <strong><a href=\"https:\/\/slvyra.com\/fr\/contactez-nous\/\">l\u2019handicapeur en chef de la SLVYRA<\/a>.\u00a0<\/strong><\/p>\n<p>Pour \u00e9tablir votre handicap PHRF, l\u2019handicapeur en chef aura besoin de quelques informations concernant les \u00e9quipements de votre voilier; Nom du voilier, type de voilier, num\u00e9ro de voile, type de moteur, type d\u2019h\u00e9lice, type et nombre de voiles, type de handicap (avec spi ou Voiles Blanches).<\/p>\n<p>Une fois le handicap PHRF \u00e9tabli, l\u2019handicapeur en chef de la SLVYRA se chargera de mettre \u00e0 jour la liste r\u00e9gionale affich\u00e9e sur ce site. Cette liste est mise \u00e0 jour 6 \u00e0 7 fois durant la saison de voile.[\/vc_column_text][\/vc_column][vc_column width=\u00a0\u00bb1\/6&Prime;][mk_fancy_title color=\u00a0\u00bb#222222&Prime; size=\u00a0\u00bb20&Prime; font_weight=\u00a0\u00bb300&Prime; txt_transform=\u00a0\u00bbnone\u00a0\u00bb letter_spacing=\u00a0\u00bb1&Prime; margin_top=\u00a0\u00bb20&Prime; margin_bottom=\u00a0\u00bb0&Prime; font_family=\u00a0\u00bbMontserrat\u00a0\u00bb font_type=\u00a0\u00bbgoogle\u00a0\u00bb]Documents de handicap[\/mk_fancy_title][vc_wp_custommenu nav_menu=\u00a0\u00bb35&Prime;][\/vc_column][\/vc_row][mk_page_section][vc_column][vc_row_inner][vc_column_inner width=\u00a0\u00bb3\/4&Prime;][\/vc_column_inner][vc_column_inner width=\u00a0\u00bb1\/4&Prime;][mk_fancy_title size=\u00a0\u00bb11&Prime; font_family=\u00a0\u00bbnone\u00a0\u00bb]\n<p style=\"text-align: right;\">Un texte gracieuset\u00e9 de Wikipedia.<\/p>\n[\/mk_fancy_title][\/vc_column_inner][\/vc_row_inner][\/vc_column][\/mk_page_section]\n<\/div>","protected":false},"excerpt":{"rendered":"<p>[mk_page_section bg_image=\u00a0\u00bbhttps:\/\/slvyra.com\/wp-content\/uploads\/2019\/01\/scan.jpg\u00a0\u00bb bg_position=\u00a0\u00bbcenter center\u00a0\u00bb bg_repeat=\u00a0\u00bbno-repeat\u00a0\u00bb bg_stretch=\u00a0\u00bbtrue\u00a0\u00bb video_color_mask=\u00a0\u00bb#000000&Prime; min_height=\u00a0\u00bb0&Prime; full_width=\u00a0\u00bbtrue\u00a0\u00bb padding_top=\u00a0\u00bb70&Prime; padding_bottom=\u00a0\u00bb0&Prime; first_page=\u00a0\u00bbfalse\u00a0\u00bb last_page=\u00a0\u00bbfalse\u00a0\u00bb sidebar=\u00a0\u00bbsidebar-1&Prime;][vc_column width=\u00a0\u00bb1\/6&Prime;][\/vc_column][vc_column width=\u00a0\u00bb5\/6&Prime;][mk_padding_divider size=\u00a0\u00bb70&Prime;][mk_fancy_title color=\u00a0\u00bb#30a0e7&Prime; size=\u00a0\u00bb50&Prime; txt_transform=\u00a0\u00bbnone\u00a0\u00bb margin_top=\u00a0\u00bb5&Prime; margin_bottom=\u00a0\u00bb5&Prime; font_family=\u00a0\u00bbMontserrat\u00a0\u00bb font_type=\u00a0\u00bbgoogle\u00a0\u00bb] Informations sur la fa\u00e7on d&rsquo;obtenir un handicap PHRF valide [\/mk_fancy_title][\/vc_column][\/mk_page_section][vc_row padding=\u00a0\u00bb0&Prime;][vc_column width=\u00a0\u00bb3\/4&Prime;][mk_fancy_title color=\u00a0\u00bb#222222&Prime; size=\u00a0\u00bb48&Prime; font_weight=\u00a0\u00bb300&Prime; txt_transform=\u00a0\u00bbcapitalize\u00a0\u00bb letter_spacing=\u00a0\u00bb1&Prime; margin_top=\u00a0\u00bb20&Prime; margin_bottom=\u00a0\u00bb0&Prime; font_family=\u00a0\u00bbMontserrat\u00a0\u00bb font_type=\u00a0\u00bbgoogle\u00a0\u00bb align=\u00a0\u00bbcenter\u00a0\u00bb]Handicaps[\/mk_fancy_title][vc_column_text disable_pattern=\u00a0\u00bbfalse\u00a0\u00bb css=\u00a0\u00bb.vc_custom_1551040213600{margin-bottom: 0px !important;}\u00a0\u00bb] Performance Handicap Racing Fleet (PHRF) [&hellip;]<\/p>\n","protected":false},"author":6,"featured_media":0,"parent":0,"menu_order":3,"comment_status":"open","ping_status":"closed","template":"","meta":{"footnotes":""},"class_list":["post-6387","page","type-page","status-publish","hentry"],"yoast_head":"<!-- This site is optimized with the Yoast SEO plugin v27.2 - https:\/\/yoast.com\/product\/yoast-seo-wordpress\/ -->\n<title>Handicaps - St.Lawrence Valley Yacht Racing Association<\/title>\n<meta name=\"robots\" content=\"index, follow, max-snippet:-1, max-image-preview:large, max-video-preview:-1\" \/>\n<link rel=\"canonical\" href=\"https:\/\/slvyra.com\/fr\/handicaps\/\" \/>\n<meta property=\"og:locale\" content=\"fr_FR\" \/>\n<meta property=\"og:type\" content=\"article\" \/>\n<meta property=\"og:title\" content=\"Handicaps - St.Lawrence Valley Yacht Racing Association\" \/>\n<meta property=\"og:description\" content=\"[mk_page_section bg_image=\u00a0\u00bbhttps:\/\/slvyra.com\/wp-content\/uploads\/2019\/01\/scan.jpg\u00a0\u00bb bg_position=\u00a0\u00bbcenter center\u00a0\u00bb bg_repeat=\u00a0\u00bbno-repeat\u00a0\u00bb bg_stretch=\u00a0\u00bbtrue\u00a0\u00bb video_color_mask=\u00a0\u00bb#000000&Prime; min_height=\u00a0\u00bb0&Prime; full_width=\u00a0\u00bbtrue\u00a0\u00bb padding_top=\u00a0\u00bb70&Prime; padding_bottom=\u00a0\u00bb0&Prime; first_page=\u00a0\u00bbfalse\u00a0\u00bb last_page=\u00a0\u00bbfalse\u00a0\u00bb sidebar=\u00a0\u00bbsidebar-1&Prime;][vc_column width=\u00a0\u00bb1\/6&Prime;][\/vc_column][vc_column width=\u00a0\u00bb5\/6&Prime;][mk_padding_divider size=\u00a0\u00bb70&Prime;][mk_fancy_title color=\u00a0\u00bb#30a0e7&Prime; size=\u00a0\u00bb50&Prime; txt_transform=\u00a0\u00bbnone\u00a0\u00bb margin_top=\u00a0\u00bb5&Prime; margin_bottom=\u00a0\u00bb5&Prime; font_family=\u00a0\u00bbMontserrat\u00a0\u00bb font_type=\u00a0\u00bbgoogle\u00a0\u00bb] Informations sur la fa\u00e7on d&rsquo;obtenir un handicap PHRF valide [\/mk_fancy_title][\/vc_column][\/mk_page_section][vc_row padding=\u00a0\u00bb0&Prime;][vc_column width=\u00a0\u00bb3\/4&Prime;][mk_fancy_title color=\u00a0\u00bb#222222&Prime; size=\u00a0\u00bb48&Prime; font_weight=\u00a0\u00bb300&Prime; txt_transform=\u00a0\u00bbcapitalize\u00a0\u00bb letter_spacing=\u00a0\u00bb1&Prime; margin_top=\u00a0\u00bb20&Prime; margin_bottom=\u00a0\u00bb0&Prime; font_family=\u00a0\u00bbMontserrat\u00a0\u00bb font_type=\u00a0\u00bbgoogle\u00a0\u00bb align=\u00a0\u00bbcenter\u00a0\u00bb]Handicaps[\/mk_fancy_title][vc_column_text disable_pattern=\u00a0\u00bbfalse\u00a0\u00bb css=\u00a0\u00bb.vc_custom_1551040213600{margin-bottom: 0px !important;}\u00a0\u00bb] Performance Handicap Racing Fleet (PHRF) [&hellip;]\" \/>\n<meta property=\"og:url\" content=\"https:\/\/slvyra.com\/fr\/handicaps\/\" \/>\n<meta property=\"og:site_name\" content=\"St.Lawrence Valley Yacht Racing Association\" \/>\n<meta property=\"article:modified_time\" content=\"2025-07-14T20:14:37+00:00\" \/>\n<meta name=\"twitter:card\" content=\"summary_large_image\" \/>\n<meta name=\"twitter:label1\" content=\"Dur\u00e9e de lecture estim\u00e9e\" \/>\n\t<meta name=\"twitter:data1\" content=\"3 minutes\" \/>\n<script type=\"application\/ld+json\" class=\"yoast-schema-graph\">{\"@context\":\"https:\/\/schema.org\",\"@graph\":[{\"@type\":\"WebPage\",\"@id\":\"https:\/\/slvyra.com\/fr\/handicaps\/\",\"url\":\"https:\/\/slvyra.com\/fr\/handicaps\/\",\"name\":\"Handicaps - St.Lawrence Valley Yacht Racing Association\",\"isPartOf\":{\"@id\":\"https:\/\/slvyra.com\/fr\/#website\"},\"datePublished\":\"2019-01-20T16:59:43+00:00\",\"dateModified\":\"2025-07-14T20:14:37+00:00\",\"breadcrumb\":{\"@id\":\"https:\/\/slvyra.com\/fr\/handicaps\/#breadcrumb\"},\"inLanguage\":\"fr-FR\",\"potentialAction\":[{\"@type\":\"ReadAction\",\"target\":[\"https:\/\/slvyra.com\/fr\/handicaps\/\"]}]},{\"@type\":\"BreadcrumbList\",\"@id\":\"https:\/\/slvyra.com\/fr\/handicaps\/#breadcrumb\",\"itemListElement\":[{\"@type\":\"ListItem\",\"position\":1,\"name\":\"Home\",\"item\":\"https:\/\/slvyra.com\/fr\/\"},{\"@type\":\"ListItem\",\"position\":2,\"name\":\"Handicaps\"}]},{\"@type\":\"WebSite\",\"@id\":\"https:\/\/slvyra.com\/fr\/#website\",\"url\":\"https:\/\/slvyra.com\/fr\/\",\"name\":\"St.Lawrence Valley Yacht Racing Association\",\"description\":\"All things SLVYRA\",\"potentialAction\":[{\"@type\":\"SearchAction\",\"target\":{\"@type\":\"EntryPoint\",\"urlTemplate\":\"https:\/\/slvyra.com\/fr\/?s={search_term_string}\"},\"query-input\":{\"@type\":\"PropertyValueSpecification\",\"valueRequired\":true,\"valueName\":\"search_term_string\"}}],\"inLanguage\":\"fr-FR\"}]}<\/script>\n<!-- \/ Yoast SEO plugin. -->","yoast_head_json":{"title":"Handicaps - St.Lawrence Valley Yacht Racing Association","robots":{"index":"index","follow":"follow","max-snippet":"max-snippet:-1","max-image-preview":"max-image-preview:large","max-video-preview":"max-video-preview:-1"},"canonical":"https:\/\/slvyra.com\/fr\/handicaps\/","og_locale":"fr_FR","og_type":"article","og_title":"Handicaps - St.Lawrence Valley Yacht Racing Association","og_description":"[mk_page_section bg_image=\u00a0\u00bbhttps:\/\/slvyra.com\/wp-content\/uploads\/2019\/01\/scan.jpg\u00a0\u00bb bg_position=\u00a0\u00bbcenter center\u00a0\u00bb bg_repeat=\u00a0\u00bbno-repeat\u00a0\u00bb bg_stretch=\u00a0\u00bbtrue\u00a0\u00bb video_color_mask=\u00a0\u00bb#000000&Prime; min_height=\u00a0\u00bb0&Prime; full_width=\u00a0\u00bbtrue\u00a0\u00bb padding_top=\u00a0\u00bb70&Prime; padding_bottom=\u00a0\u00bb0&Prime; first_page=\u00a0\u00bbfalse\u00a0\u00bb last_page=\u00a0\u00bbfalse\u00a0\u00bb sidebar=\u00a0\u00bbsidebar-1&Prime;][vc_column width=\u00a0\u00bb1\/6&Prime;][\/vc_column][vc_column width=\u00a0\u00bb5\/6&Prime;][mk_padding_divider size=\u00a0\u00bb70&Prime;][mk_fancy_title color=\u00a0\u00bb#30a0e7&Prime; size=\u00a0\u00bb50&Prime; txt_transform=\u00a0\u00bbnone\u00a0\u00bb margin_top=\u00a0\u00bb5&Prime; margin_bottom=\u00a0\u00bb5&Prime; font_family=\u00a0\u00bbMontserrat\u00a0\u00bb font_type=\u00a0\u00bbgoogle\u00a0\u00bb] Informations sur la fa\u00e7on d&rsquo;obtenir un handicap PHRF valide [\/mk_fancy_title][\/vc_column][\/mk_page_section][vc_row padding=\u00a0\u00bb0&Prime;][vc_column width=\u00a0\u00bb3\/4&Prime;][mk_fancy_title color=\u00a0\u00bb#222222&Prime; size=\u00a0\u00bb48&Prime; font_weight=\u00a0\u00bb300&Prime; txt_transform=\u00a0\u00bbcapitalize\u00a0\u00bb letter_spacing=\u00a0\u00bb1&Prime; margin_top=\u00a0\u00bb20&Prime; margin_bottom=\u00a0\u00bb0&Prime; font_family=\u00a0\u00bbMontserrat\u00a0\u00bb font_type=\u00a0\u00bbgoogle\u00a0\u00bb align=\u00a0\u00bbcenter\u00a0\u00bb]Handicaps[\/mk_fancy_title][vc_column_text disable_pattern=\u00a0\u00bbfalse\u00a0\u00bb css=\u00a0\u00bb.vc_custom_1551040213600{margin-bottom: 0px !important;}\u00a0\u00bb] Performance Handicap Racing Fleet (PHRF) [&hellip;]","og_url":"https:\/\/slvyra.com\/fr\/handicaps\/","og_site_name":"St.Lawrence Valley Yacht Racing Association","article_modified_time":"2025-07-14T20:14:37+00:00","twitter_card":"summary_large_image","twitter_misc":{"Dur\u00e9e de lecture estim\u00e9e":"3 minutes"},"schema":{"@context":"https:\/\/schema.org","@graph":[{"@type":"WebPage","@id":"https:\/\/slvyra.com\/fr\/handicaps\/","url":"https:\/\/slvyra.com\/fr\/handicaps\/","name":"Handicaps - St.Lawrence Valley Yacht Racing Association","isPartOf":{"@id":"https:\/\/slvyra.com\/fr\/#website"},"datePublished":"2019-01-20T16:59:43+00:00","dateModified":"2025-07-14T20:14:37+00:00","breadcrumb":{"@id":"https:\/\/slvyra.com\/fr\/handicaps\/#breadcrumb"},"inLanguage":"fr-FR","potentialAction":[{"@type":"ReadAction","target":["https:\/\/slvyra.com\/fr\/handicaps\/"]}]},{"@type":"BreadcrumbList","@id":"https:\/\/slvyra.com\/fr\/handicaps\/#breadcrumb","itemListElement":[{"@type":"ListItem","position":1,"name":"Home","item":"https:\/\/slvyra.com\/fr\/"},{"@type":"ListItem","position":2,"name":"Handicaps"}]},{"@type":"WebSite","@id":"https:\/\/slvyra.com\/fr\/#website","url":"https:\/\/slvyra.com\/fr\/","name":"St.Lawrence Valley Yacht Racing Association","description":"All things SLVYRA","potentialAction":[{"@type":"SearchAction","target":{"@type":"EntryPoint","urlTemplate":"https:\/\/slvyra.com\/fr\/?s={search_term_string}"},"query-input":{"@type":"PropertyValueSpecification","valueRequired":true,"valueName":"search_term_string"}}],"inLanguage":"fr-FR"}]}},"_links":{"self":[{"href":"https:\/\/slvyra.com\/fr\/wp-json\/wp\/v2\/pages\/6387","targetHints":{"allow":["GET"]}}],"collection":[{"href":"https:\/\/slvyra.com\/fr\/wp-json\/wp\/v2\/pages"}],"about":[{"href":"https:\/\/slvyra.com\/fr\/wp-json\/wp\/v2\/types\/page"}],"author":[{"embeddable":true,"href":"https:\/\/slvyra.com\/fr\/wp-json\/wp\/v2\/users\/6"}],"replies":[{"embeddable":true,"href":"https:\/\/slvyra.com\/fr\/wp-json\/wp\/v2\/comments?post=6387"}],"version-history":[{"count":26,"href":"https:\/\/slvyra.com\/fr\/wp-json\/wp\/v2\/pages\/6387\/revisions"}],"predecessor-version":[{"id":9221,"href":"https:\/\/slvyra.com\/fr\/wp-json\/wp\/v2\/pages\/6387\/revisions\/9221"}],"wp:attachment":[{"href":"https:\/\/slvyra.com\/fr\/wp-json\/wp\/v2\/media?parent=6387"}],"curies":[{"name":"wp","href":"https:\/\/api.w.org\/{rel}","templated":true}]}}