{"id":6391,"date":"2019-01-27T18:59:50","date_gmt":"2019-01-27T18:59:50","guid":{"rendered":"https:\/\/slvyra.com\/youth\/"},"modified":"2021-06-03T16:28:50","modified_gmt":"2021-06-03T16:28:50","slug":"jeunesse","status":"publish","type":"page","link":"https:\/\/slvyra.com\/fr\/jeunesse\/","title":{"rendered":"Jeunesse"},"content":{"rendered":"<div class=\"wpb-content-wrapper\">[mk_page_section bg_image=\u00a0\u00bbhttps:\/\/slvyra.com\/wp-content\/uploads\/2019\/01\/no7-1024&#215;680.jpg\u00a0\u00bb bg_position=\u00a0\u00bbcenter center\u00a0\u00bb bg_stretch=\u00a0\u00bbtrue\u00a0\u00bb full_width=\u00a0\u00bbtrue\u00a0\u00bb sidebar=\u00a0\u00bbsidebar-1&Prime;][vc_column][mk_fancy_title margin_top=\u00a0\u00bb250&Prime; margin_bottom=\u00a0\u00bb0&Prime; font_family=\u00a0\u00bbMontserrat\u00a0\u00bb font_type=\u00a0\u00bbgoogle\u00a0\u00bb align=\u00a0\u00bbcenter\u00a0\u00bb][\/mk_fancy_title][\/vc_column][\/mk_page_section][mk_page_section][vc_column][mk_fancy_title size=\u00a0\u00bb35&Prime; margin_top=\u00a0\u00bb20&Prime; margin_bottom=\u00a0\u00bb5&Prime; font_family=\u00a0\u00bbnone\u00a0\u00bb]\n<p style=\"text-align: center;\">Jeunes et comp\u00e9titions de voiliers<\/p>\n[\/mk_fancy_title][vc_row_inner][vc_column_inner width=\u00a0\u00bb1\/4&Prime;][mk_button dimension=\u00a0\u00bbflat\u00a0\u00bb size=\u00a0\u00bbmedium\u00a0\u00bb bg_color=\u00a0\u00bb#1e73be\u00a0\u00bb btn_hover_bg=\u00a0\u00bb#81d742&Prime; btn_hover_txt_color=\u00a0\u00bb#000000&Prime;]Apprendre \u00e0 naviguer[\/mk_button][\/vc_column_inner][vc_column_inner width=\u00a0\u00bb1\/2&Prime;][vc_column_text css=\u00a0\u00bb.vc_custom_1557415530614{margin-bottom: 0px !important;}\u00a0\u00bb]La St. Lawrence Valley Yacht Association fait la promotion de la voile et des courses pour les jeunes en fournissant des ressources informatives permettant aux jeunes de trouver des programmes de voile dans leur r\u00e9gion. SLVYRA reconna\u00eet que les futurs marins et voiliers de la vall\u00e9e du Saint-Laurent sont nos jeunes marins et s\u2019efforce de promouvoir la voile des jeunes dans la r\u00e9gion.[\/vc_column_text][\/vc_column_inner][vc_column_inner width=\u00a0\u00bb1\/4&Prime;][mk_button dimension=\u00a0\u00bbflat\u00a0\u00bb size=\u00a0\u00bbmedium\u00a0\u00bb url=\u00a0\u00bbhttps:\/\/slvyra.com\/youth\/competitions\/\u00a0\u00bb bg_color=\u00a0\u00bb#1e73be\u00a0\u00bb btn_hover_bg=\u00a0\u00bb#81d742&Prime; btn_hover_txt_color=\u00a0\u00bb#000000&Prime;]CALENDRIER DE COURSES[\/mk_button][vc_single_image image=\u00a0\u00bb8711&Prime; img_size=\u00a0\u00bbfull\u00a0\u00bb alignment=\u00a0\u00bbcenter\u00a0\u00bb onclick=\u00a0\u00bbcustom_link\u00a0\u00bb img_link_target=\u00a0\u00bb_blank\u00a0\u00bb link=\u00a0\u00bbhttps:\/\/www.windathletes.ca\/athletes\/peter-kelly-athlete-assistance-fund\u00a0\u00bb][mk_fancy_title size=\u00a0\u00bb15&Prime; font_weight=\u00a0\u00bbbold\u00a0\u00bb margin_bottom=\u00a0\u00bb0&Prime; font_family=\u00a0\u00bbnone\u00a0\u00bb]\n<p style=\"text-align: center;\">Fonds comm\u00e9moratif<br \/>\nPeter Kelly<\/p>\n[\/mk_fancy_title][\/vc_column_inner][\/vc_row_inner][\/vc_column][\/mk_page_section]\n<\/div>","protected":false},"excerpt":{"rendered":"<p>[mk_page_section bg_image=\u00a0\u00bbhttps:\/\/slvyra.com\/wp-content\/uploads\/2019\/01\/no7-1024&#215;680.jpg\u00a0\u00bb bg_position=\u00a0\u00bbcenter center\u00a0\u00bb bg_stretch=\u00a0\u00bbtrue\u00a0\u00bb full_width=\u00a0\u00bbtrue\u00a0\u00bb sidebar=\u00a0\u00bbsidebar-1&Prime;][vc_column][mk_fancy_title margin_top=\u00a0\u00bb250&Prime; margin_bottom=\u00a0\u00bb0&Prime; font_family=\u00a0\u00bbMontserrat\u00a0\u00bb font_type=\u00a0\u00bbgoogle\u00a0\u00bb align=\u00a0\u00bbcenter\u00a0\u00bb][\/mk_fancy_title][\/vc_column][\/mk_page_section][mk_page_section][vc_column][mk_fancy_title size=\u00a0\u00bb35&Prime; margin_top=\u00a0\u00bb20&Prime; margin_bottom=\u00a0\u00bb5&Prime; font_family=\u00a0\u00bbnone\u00a0\u00bb] Jeunes et comp\u00e9titions de voiliers [\/mk_fancy_title][vc_row_inner][vc_column_inner width=\u00a0\u00bb1\/4&Prime;][mk_button dimension=\u00a0\u00bbflat\u00a0\u00bb size=\u00a0\u00bbmedium\u00a0\u00bb bg_color=\u00a0\u00bb#1e73be\u00a0\u00bb btn_hover_bg=\u00a0\u00bb#81d742&Prime; btn_hover_txt_color=\u00a0\u00bb#000000&Prime;]Apprendre \u00e0 naviguer[\/mk_button][\/vc_column_inner][vc_column_inner width=\u00a0\u00bb1\/2&Prime;][vc_column_text css=\u00a0\u00bb.vc_custom_1557415530614{margin-bottom: 0px !important;}\u00a0\u00bb]La St. Lawrence Valley Yacht Association fait la promotion de la voile et des courses pour les jeunes en fournissant des ressources [&hellip;]<\/p>\n","protected":false},"author":6,"featured_media":0,"parent":0,"menu_order":4,"comment_status":"closed","ping_status":"closed","template":"","meta":{"footnotes":""},"class_list":["post-6391","page","type-page","status-publish","hentry"],"yoast_head":"<!-- This site is optimized with the Yoast SEO plugin v27.2 - https:\/\/yoast.com\/product\/yoast-seo-wordpress\/ -->\n<title>Jeunesse - St.Lawrence Valley Yacht Racing Association<\/title>\n<meta name=\"robots\" content=\"index, follow, max-snippet:-1, max-image-preview:large, max-video-preview:-1\" \/>\n<link rel=\"canonical\" href=\"https:\/\/slvyra.com\/fr\/jeunesse\/\" \/>\n<meta property=\"og:locale\" content=\"fr_FR\" \/>\n<meta property=\"og:type\" content=\"article\" \/>\n<meta property=\"og:title\" content=\"Jeunesse - St.Lawrence Valley Yacht Racing Association\" \/>\n<meta property=\"og:description\" content=\"[mk_page_section bg_image=\u00a0\u00bbhttps:\/\/slvyra.com\/wp-content\/uploads\/2019\/01\/no7-1024&#215;680.jpg\u00a0\u00bb bg_position=\u00a0\u00bbcenter center\u00a0\u00bb bg_stretch=\u00a0\u00bbtrue\u00a0\u00bb full_width=\u00a0\u00bbtrue\u00a0\u00bb sidebar=\u00a0\u00bbsidebar-1&Prime;][vc_column][mk_fancy_title margin_top=\u00a0\u00bb250&Prime; margin_bottom=\u00a0\u00bb0&Prime; font_family=\u00a0\u00bbMontserrat\u00a0\u00bb font_type=\u00a0\u00bbgoogle\u00a0\u00bb align=\u00a0\u00bbcenter\u00a0\u00bb][\/mk_fancy_title][\/vc_column][\/mk_page_section][mk_page_section][vc_column][mk_fancy_title size=\u00a0\u00bb35&Prime; margin_top=\u00a0\u00bb20&Prime; margin_bottom=\u00a0\u00bb5&Prime; font_family=\u00a0\u00bbnone\u00a0\u00bb] Jeunes et comp\u00e9titions de voiliers [\/mk_fancy_title][vc_row_inner][vc_column_inner width=\u00a0\u00bb1\/4&Prime;][mk_button dimension=\u00a0\u00bbflat\u00a0\u00bb size=\u00a0\u00bbmedium\u00a0\u00bb bg_color=\u00a0\u00bb#1e73be\u00a0\u00bb btn_hover_bg=\u00a0\u00bb#81d742&Prime; btn_hover_txt_color=\u00a0\u00bb#000000&Prime;]Apprendre \u00e0 naviguer[\/mk_button][\/vc_column_inner][vc_column_inner width=\u00a0\u00bb1\/2&Prime;][vc_column_text css=\u00a0\u00bb.vc_custom_1557415530614{margin-bottom: 0px !important;}\u00a0\u00bb]La St. Lawrence Valley Yacht Association fait la promotion de la voile et des courses pour les jeunes en fournissant des ressources [&hellip;]\" \/>\n<meta property=\"og:url\" content=\"https:\/\/slvyra.com\/fr\/jeunesse\/\" \/>\n<meta property=\"og:site_name\" content=\"St.Lawrence Valley Yacht Racing Association\" \/>\n<meta property=\"article:modified_time\" content=\"2021-06-03T16:28:50+00:00\" \/>\n<meta name=\"twitter:card\" content=\"summary_large_image\" \/>\n<meta name=\"twitter:label1\" content=\"Dur\u00e9e de lecture estim\u00e9e\" \/>\n\t<meta name=\"twitter:data1\" content=\"1 minute\" \/>\n<script type=\"application\/ld+json\" class=\"yoast-schema-graph\">{\"@context\":\"https:\/\/schema.org\",\"@graph\":[{\"@type\":\"WebPage\",\"@id\":\"https:\/\/slvyra.com\/fr\/jeunesse\/\",\"url\":\"https:\/\/slvyra.com\/fr\/jeunesse\/\",\"name\":\"Jeunesse - St.Lawrence Valley Yacht Racing Association\",\"isPartOf\":{\"@id\":\"https:\/\/slvyra.com\/fr\/#website\"},\"datePublished\":\"2019-01-27T18:59:50+00:00\",\"dateModified\":\"2021-06-03T16:28:50+00:00\",\"breadcrumb\":{\"@id\":\"https:\/\/slvyra.com\/fr\/jeunesse\/#breadcrumb\"},\"inLanguage\":\"fr-FR\",\"potentialAction\":[{\"@type\":\"ReadAction\",\"target\":[\"https:\/\/slvyra.com\/fr\/jeunesse\/\"]}]},{\"@type\":\"BreadcrumbList\",\"@id\":\"https:\/\/slvyra.com\/fr\/jeunesse\/#breadcrumb\",\"itemListElement\":[{\"@type\":\"ListItem\",\"position\":1,\"name\":\"Home\",\"item\":\"https:\/\/slvyra.com\/fr\/\"},{\"@type\":\"ListItem\",\"position\":2,\"name\":\"Jeunesse\"}]},{\"@type\":\"WebSite\",\"@id\":\"https:\/\/slvyra.com\/fr\/#website\",\"url\":\"https:\/\/slvyra.com\/fr\/\",\"name\":\"St.Lawrence Valley Yacht Racing Association\",\"description\":\"All things SLVYRA\",\"potentialAction\":[{\"@type\":\"SearchAction\",\"target\":{\"@type\":\"EntryPoint\",\"urlTemplate\":\"https:\/\/slvyra.com\/fr\/?s={search_term_string}\"},\"query-input\":{\"@type\":\"PropertyValueSpecification\",\"valueRequired\":true,\"valueName\":\"search_term_string\"}}],\"inLanguage\":\"fr-FR\"}]}<\/script>\n<!-- \/ Yoast SEO plugin. -->","yoast_head_json":{"title":"Jeunesse - St.Lawrence Valley Yacht Racing Association","robots":{"index":"index","follow":"follow","max-snippet":"max-snippet:-1","max-image-preview":"max-image-preview:large","max-video-preview":"max-video-preview:-1"},"canonical":"https:\/\/slvyra.com\/fr\/jeunesse\/","og_locale":"fr_FR","og_type":"article","og_title":"Jeunesse - St.Lawrence Valley Yacht Racing Association","og_description":"[mk_page_section bg_image=\u00a0\u00bbhttps:\/\/slvyra.com\/wp-content\/uploads\/2019\/01\/no7-1024&#215;680.jpg\u00a0\u00bb bg_position=\u00a0\u00bbcenter center\u00a0\u00bb bg_stretch=\u00a0\u00bbtrue\u00a0\u00bb full_width=\u00a0\u00bbtrue\u00a0\u00bb sidebar=\u00a0\u00bbsidebar-1&Prime;][vc_column][mk_fancy_title margin_top=\u00a0\u00bb250&Prime; margin_bottom=\u00a0\u00bb0&Prime; font_family=\u00a0\u00bbMontserrat\u00a0\u00bb font_type=\u00a0\u00bbgoogle\u00a0\u00bb align=\u00a0\u00bbcenter\u00a0\u00bb][\/mk_fancy_title][\/vc_column][\/mk_page_section][mk_page_section][vc_column][mk_fancy_title size=\u00a0\u00bb35&Prime; margin_top=\u00a0\u00bb20&Prime; margin_bottom=\u00a0\u00bb5&Prime; font_family=\u00a0\u00bbnone\u00a0\u00bb] Jeunes et comp\u00e9titions de voiliers [\/mk_fancy_title][vc_row_inner][vc_column_inner width=\u00a0\u00bb1\/4&Prime;][mk_button dimension=\u00a0\u00bbflat\u00a0\u00bb size=\u00a0\u00bbmedium\u00a0\u00bb bg_color=\u00a0\u00bb#1e73be\u00a0\u00bb btn_hover_bg=\u00a0\u00bb#81d742&Prime; btn_hover_txt_color=\u00a0\u00bb#000000&Prime;]Apprendre \u00e0 naviguer[\/mk_button][\/vc_column_inner][vc_column_inner width=\u00a0\u00bb1\/2&Prime;][vc_column_text css=\u00a0\u00bb.vc_custom_1557415530614{margin-bottom: 0px !important;}\u00a0\u00bb]La St. Lawrence Valley Yacht Association fait la promotion de la voile et des courses pour les jeunes en fournissant des ressources [&hellip;]","og_url":"https:\/\/slvyra.com\/fr\/jeunesse\/","og_site_name":"St.Lawrence Valley Yacht Racing Association","article_modified_time":"2021-06-03T16:28:50+00:00","twitter_card":"summary_large_image","twitter_misc":{"Dur\u00e9e de lecture estim\u00e9e":"1 minute"},"schema":{"@context":"https:\/\/schema.org","@graph":[{"@type":"WebPage","@id":"https:\/\/slvyra.com\/fr\/jeunesse\/","url":"https:\/\/slvyra.com\/fr\/jeunesse\/","name":"Jeunesse - St.Lawrence Valley Yacht Racing Association","isPartOf":{"@id":"https:\/\/slvyra.com\/fr\/#website"},"datePublished":"2019-01-27T18:59:50+00:00","dateModified":"2021-06-03T16:28:50+00:00","breadcrumb":{"@id":"https:\/\/slvyra.com\/fr\/jeunesse\/#breadcrumb"},"inLanguage":"fr-FR","potentialAction":[{"@type":"ReadAction","target":["https:\/\/slvyra.com\/fr\/jeunesse\/"]}]},{"@type":"BreadcrumbList","@id":"https:\/\/slvyra.com\/fr\/jeunesse\/#breadcrumb","itemListElement":[{"@type":"ListItem","position":1,"name":"Home","item":"https:\/\/slvyra.com\/fr\/"},{"@type":"ListItem","position":2,"name":"Jeunesse"}]},{"@type":"WebSite","@id":"https:\/\/slvyra.com\/fr\/#website","url":"https:\/\/slvyra.com\/fr\/","name":"St.Lawrence Valley Yacht Racing Association","description":"All things SLVYRA","potentialAction":[{"@type":"SearchAction","target":{"@type":"EntryPoint","urlTemplate":"https:\/\/slvyra.com\/fr\/?s={search_term_string}"},"query-input":{"@type":"PropertyValueSpecification","valueRequired":true,"valueName":"search_term_string"}}],"inLanguage":"fr-FR"}]}},"_links":{"self":[{"href":"https:\/\/slvyra.com\/fr\/wp-json\/wp\/v2\/pages\/6391","targetHints":{"allow":["GET"]}}],"collection":[{"href":"https:\/\/slvyra.com\/fr\/wp-json\/wp\/v2\/pages"}],"about":[{"href":"https:\/\/slvyra.com\/fr\/wp-json\/wp\/v2\/types\/page"}],"author":[{"embeddable":true,"href":"https:\/\/slvyra.com\/fr\/wp-json\/wp\/v2\/users\/6"}],"replies":[{"embeddable":true,"href":"https:\/\/slvyra.com\/fr\/wp-json\/wp\/v2\/comments?post=6391"}],"version-history":[{"count":9,"href":"https:\/\/slvyra.com\/fr\/wp-json\/wp\/v2\/pages\/6391\/revisions"}],"predecessor-version":[{"id":8722,"href":"https:\/\/slvyra.com\/fr\/wp-json\/wp\/v2\/pages\/6391\/revisions\/8722"}],"wp:attachment":[{"href":"https:\/\/slvyra.com\/fr\/wp-json\/wp\/v2\/media?parent=6391"}],"curies":[{"name":"wp","href":"https:\/\/api.w.org\/{rel}","templated":true}]}}