{"id":6574,"date":"2019-01-27T14:03:29","date_gmt":"2019-01-27T14:03:29","guid":{"rendered":"https:\/\/slvyra.com\/calendar\/regatta-calendar\/"},"modified":"2020-06-22T18:12:41","modified_gmt":"2020-06-22T18:12:41","slug":"calendrier-regates","status":"publish","type":"page","link":"https:\/\/slvyra.com\/fr\/calendar\/calendrier-regates\/","title":{"rendered":"Calendrier des r\u00e9gates"},"content":{"rendered":"[mk_page_section bg_image=\u00a0\u00bbhttps:\/\/slvyra.com\/wp-content\/uploads\/2019\/01\/p1040899-1024&#215;768.jpg\u00a0\u00bb sidebar=\u00a0\u00bbsidebar-1&Prime;][vc_column][mk_fancy_title margin_top=\u00a0\u00bb250&Prime; font_family=\u00a0\u00bbnone\u00a0\u00bb][\/mk_fancy_title][\/vc_column][\/mk_page_section][mk_page_section][vc_column width=\u00a0\u00bb3\/4&Prime;][mk_fancy_title size=\u00a0\u00bb35&Prime; margin_top=\u00a0\u00bb25&Prime; margin_bottom=\u00a0\u00bb10&Prime; font_family=\u00a0\u00bbnone\u00a0\u00bb]Calendrier des r\u00e9gates[\/mk_fancy_title][vc_column_text css=\u00a0\u00bb.vc_custom_1551037392621{margin-bottom: 0px !important;}\u00a0\u00bb]Les clubs membres sont invit\u00e9s \u00e0 soumettre des r\u00e9gates qui figureront dans le calendrier des r\u00e9gates SLVYRA. Veuillez utiliser la page Web <em><strong><a href=\"https:\/\/slvyra.com\/fr\/contactez-nous\/\">Contactez-nous<\/a><\/strong><\/em> pour nous donner les d\u00e9tails de la r\u00e9gate que vous souhaitez que nous ajoutions au calendrier. Tout sera mis en \u0153uvre pour mettre \u00e0 jour le calendrier en temps voulu pendant la saison de courses.[\/vc_column_text][vc_raw_html]JTNDaWZyYW1lJTIwc3JjJTNEJTIyaHR0cHMlM0ElMkYlMkZjYWxlbmRhci5nb29nbGUuY29tJTJGY2FsZW5kYXIlMkZlbWJlZCUzRnRpdGxlJTNEUmVnYXR0YXMlMjUyMGluJTI1MjB0aGUlMjUyMFN0Lkxhd3JlbmNlJTI1MjBWYWxsZXklMjZhbXAlM0JoZWlnaHQlM0Q2MDAlMjZhbXAlM0J3a3N0JTNEMSUyNmFtcCUzQmJnY29sb3IlM0QlMjUyM0ZGRkZGRiUyNmFtcCUzQnNyYyUzRG5rNHR1czJ0NGN0MzE3ZnAyNGxmYnBiOXJnJTI1NDBncm91cC5jYWxlbmRhci5nb29nbGUuY29tJTI2YW1wJTNCY29sb3IlM0QlMjUyMzVGNkIwMiUyNmFtcCUzQmN0eiUzREFtZXJpY2ElMjUyRlRvcm9udG8lMjIlMjBzdHlsZSUzRCUyMmJvcmRlci13aWR0aCUzQTAlMjIlMjB3aWR0aCUzRCUyMjgwMCUyMiUyMGhlaWdodCUzRCUyMjYwMCUyMiUyMGZyYW1lYm9yZGVyJTNEJTIyMCUyMiUyMHNjcm9sbGluZyUzRCUyMm5vJTIyJTNFJTNDJTJGaWZyYW1lJTNF[\/vc_raw_html][\/vc_column][vc_column width=\u00a0\u00bb1\/4&Prime;][mk_padding_divider size=\u00a0\u00bb80&Prime;][mk_custom_sidebar sidebar=\u00a0\u00bbsidebar-1&Prime;][\/vc_column][\/mk_page_section]\n","protected":false},"excerpt":{"rendered":"<p>[mk_page_section bg_image=\u00a0\u00bbhttps:\/\/slvyra.com\/wp-content\/uploads\/2019\/01\/p1040899-1024&#215;768.jpg\u00a0\u00bb sidebar=\u00a0\u00bbsidebar-1&Prime;][vc_column][mk_fancy_title margin_top=\u00a0\u00bb250&Prime; font_family=\u00a0\u00bbnone\u00a0\u00bb][\/mk_fancy_title][\/vc_column][\/mk_page_section][mk_page_section][vc_column width=\u00a0\u00bb3\/4&Prime;][mk_fancy_title size=\u00a0\u00bb35&Prime; margin_top=\u00a0\u00bb25&Prime; margin_bottom=\u00a0\u00bb10&Prime; font_family=\u00a0\u00bbnone\u00a0\u00bb]Calendrier des r\u00e9gates[\/mk_fancy_title][vc_column_text css=\u00a0\u00bb.vc_custom_1551037392621{margin-bottom: 0px !important;}\u00a0\u00bb]Les clubs membres sont invit\u00e9s \u00e0 soumettre des r\u00e9gates qui figureront dans le calendrier des r\u00e9gates SLVYRA. Veuillez utiliser la page Web Contactez-nous pour nous donner les d\u00e9tails de la r\u00e9gate que vous souhaitez que nous ajoutions au calendrier. Tout sera [&hellip;]<\/p>\n","protected":false},"author":6,"featured_media":0,"parent":6383,"menu_order":0,"comment_status":"closed","ping_status":"closed","template":"","meta":{"footnotes":""},"class_list":["post-6574","page","type-page","status-publish","hentry"],"yoast_head":"<!-- This site is optimized with the Yoast SEO plugin v27.2 - https:\/\/yoast.com\/product\/yoast-seo-wordpress\/ -->\n<title>Calendrier des r\u00e9gates - St.Lawrence Valley Yacht Racing Association<\/title>\n<meta name=\"robots\" content=\"index, follow, max-snippet:-1, max-image-preview:large, max-video-preview:-1\" \/>\n<link rel=\"canonical\" href=\"https:\/\/slvyra.com\/fr\/calendar\/calendrier-regates\/\" \/>\n<meta property=\"og:locale\" content=\"fr_FR\" \/>\n<meta property=\"og:type\" content=\"article\" \/>\n<meta property=\"og:title\" content=\"Calendrier des r\u00e9gates - St.Lawrence Valley Yacht Racing Association\" \/>\n<meta property=\"og:description\" content=\"[mk_page_section bg_image=\u00a0\u00bbhttps:\/\/slvyra.com\/wp-content\/uploads\/2019\/01\/p1040899-1024&#215;768.jpg\u00a0\u00bb sidebar=\u00a0\u00bbsidebar-1&Prime;][vc_column][mk_fancy_title margin_top=\u00a0\u00bb250&Prime; font_family=\u00a0\u00bbnone\u00a0\u00bb][\/mk_fancy_title][\/vc_column][\/mk_page_section][mk_page_section][vc_column width=\u00a0\u00bb3\/4&Prime;][mk_fancy_title size=\u00a0\u00bb35&Prime; margin_top=\u00a0\u00bb25&Prime; margin_bottom=\u00a0\u00bb10&Prime; font_family=\u00a0\u00bbnone\u00a0\u00bb]Calendrier des r\u00e9gates[\/mk_fancy_title][vc_column_text css=\u00a0\u00bb.vc_custom_1551037392621{margin-bottom: 0px !important;}\u00a0\u00bb]Les clubs membres sont invit\u00e9s \u00e0 soumettre des r\u00e9gates qui figureront dans le calendrier des r\u00e9gates SLVYRA. Veuillez utiliser la page Web Contactez-nous pour nous donner les d\u00e9tails de la r\u00e9gate que vous souhaitez que nous ajoutions au calendrier. Tout sera [&hellip;]\" \/>\n<meta property=\"og:url\" content=\"https:\/\/slvyra.com\/fr\/calendar\/calendrier-regates\/\" \/>\n<meta property=\"og:site_name\" content=\"St.Lawrence Valley Yacht Racing Association\" \/>\n<meta property=\"article:modified_time\" content=\"2020-06-22T18:12:41+00:00\" \/>\n<meta name=\"twitter:card\" content=\"summary_large_image\" \/>\n<meta name=\"twitter:label1\" content=\"Dur\u00e9e de lecture estim\u00e9e\" \/>\n\t<meta name=\"twitter:data1\" content=\"1 minute\" \/>\n<script type=\"application\/ld+json\" class=\"yoast-schema-graph\">{\"@context\":\"https:\/\/schema.org\",\"@graph\":[{\"@type\":\"WebPage\",\"@id\":\"https:\/\/slvyra.com\/fr\/calendar\/calendrier-regates\/\",\"url\":\"https:\/\/slvyra.com\/fr\/calendar\/calendrier-regates\/\",\"name\":\"Calendrier des r\u00e9gates - St.Lawrence Valley Yacht Racing Association\",\"isPartOf\":{\"@id\":\"https:\/\/slvyra.com\/fr\/#website\"},\"datePublished\":\"2019-01-27T14:03:29+00:00\",\"dateModified\":\"2020-06-22T18:12:41+00:00\",\"breadcrumb\":{\"@id\":\"https:\/\/slvyra.com\/fr\/calendar\/calendrier-regates\/#breadcrumb\"},\"inLanguage\":\"fr-FR\",\"potentialAction\":[{\"@type\":\"ReadAction\",\"target\":[\"https:\/\/slvyra.com\/fr\/calendar\/calendrier-regates\/\"]}]},{\"@type\":\"BreadcrumbList\",\"@id\":\"https:\/\/slvyra.com\/fr\/calendar\/calendrier-regates\/#breadcrumb\",\"itemListElement\":[{\"@type\":\"ListItem\",\"position\":1,\"name\":\"Home\",\"item\":\"https:\/\/slvyra.com\/fr\/\"},{\"@type\":\"ListItem\",\"position\":2,\"name\":\"Calendar\",\"item\":\"https:\/\/slvyra.com\/fr\/calendar\/\"},{\"@type\":\"ListItem\",\"position\":3,\"name\":\"Calendrier des r\u00e9gates\"}]},{\"@type\":\"WebSite\",\"@id\":\"https:\/\/slvyra.com\/fr\/#website\",\"url\":\"https:\/\/slvyra.com\/fr\/\",\"name\":\"St.Lawrence Valley Yacht Racing Association\",\"description\":\"All things SLVYRA\",\"potentialAction\":[{\"@type\":\"SearchAction\",\"target\":{\"@type\":\"EntryPoint\",\"urlTemplate\":\"https:\/\/slvyra.com\/fr\/?s={search_term_string}\"},\"query-input\":{\"@type\":\"PropertyValueSpecification\",\"valueRequired\":true,\"valueName\":\"search_term_string\"}}],\"inLanguage\":\"fr-FR\"}]}<\/script>\n<!-- \/ Yoast SEO plugin. -->","yoast_head_json":{"title":"Calendrier des r\u00e9gates - St.Lawrence Valley Yacht Racing Association","robots":{"index":"index","follow":"follow","max-snippet":"max-snippet:-1","max-image-preview":"max-image-preview:large","max-video-preview":"max-video-preview:-1"},"canonical":"https:\/\/slvyra.com\/fr\/calendar\/calendrier-regates\/","og_locale":"fr_FR","og_type":"article","og_title":"Calendrier des r\u00e9gates - St.Lawrence Valley Yacht Racing Association","og_description":"[mk_page_section bg_image=\u00a0\u00bbhttps:\/\/slvyra.com\/wp-content\/uploads\/2019\/01\/p1040899-1024&#215;768.jpg\u00a0\u00bb sidebar=\u00a0\u00bbsidebar-1&Prime;][vc_column][mk_fancy_title margin_top=\u00a0\u00bb250&Prime; font_family=\u00a0\u00bbnone\u00a0\u00bb][\/mk_fancy_title][\/vc_column][\/mk_page_section][mk_page_section][vc_column width=\u00a0\u00bb3\/4&Prime;][mk_fancy_title size=\u00a0\u00bb35&Prime; margin_top=\u00a0\u00bb25&Prime; margin_bottom=\u00a0\u00bb10&Prime; font_family=\u00a0\u00bbnone\u00a0\u00bb]Calendrier des r\u00e9gates[\/mk_fancy_title][vc_column_text css=\u00a0\u00bb.vc_custom_1551037392621{margin-bottom: 0px !important;}\u00a0\u00bb]Les clubs membres sont invit\u00e9s \u00e0 soumettre des r\u00e9gates qui figureront dans le calendrier des r\u00e9gates SLVYRA. Veuillez utiliser la page Web Contactez-nous pour nous donner les d\u00e9tails de la r\u00e9gate que vous souhaitez que nous ajoutions au calendrier. Tout sera [&hellip;]","og_url":"https:\/\/slvyra.com\/fr\/calendar\/calendrier-regates\/","og_site_name":"St.Lawrence Valley Yacht Racing Association","article_modified_time":"2020-06-22T18:12:41+00:00","twitter_card":"summary_large_image","twitter_misc":{"Dur\u00e9e de lecture estim\u00e9e":"1 minute"},"schema":{"@context":"https:\/\/schema.org","@graph":[{"@type":"WebPage","@id":"https:\/\/slvyra.com\/fr\/calendar\/calendrier-regates\/","url":"https:\/\/slvyra.com\/fr\/calendar\/calendrier-regates\/","name":"Calendrier des r\u00e9gates - St.Lawrence Valley Yacht Racing Association","isPartOf":{"@id":"https:\/\/slvyra.com\/fr\/#website"},"datePublished":"2019-01-27T14:03:29+00:00","dateModified":"2020-06-22T18:12:41+00:00","breadcrumb":{"@id":"https:\/\/slvyra.com\/fr\/calendar\/calendrier-regates\/#breadcrumb"},"inLanguage":"fr-FR","potentialAction":[{"@type":"ReadAction","target":["https:\/\/slvyra.com\/fr\/calendar\/calendrier-regates\/"]}]},{"@type":"BreadcrumbList","@id":"https:\/\/slvyra.com\/fr\/calendar\/calendrier-regates\/#breadcrumb","itemListElement":[{"@type":"ListItem","position":1,"name":"Home","item":"https:\/\/slvyra.com\/fr\/"},{"@type":"ListItem","position":2,"name":"Calendar","item":"https:\/\/slvyra.com\/fr\/calendar\/"},{"@type":"ListItem","position":3,"name":"Calendrier des r\u00e9gates"}]},{"@type":"WebSite","@id":"https:\/\/slvyra.com\/fr\/#website","url":"https:\/\/slvyra.com\/fr\/","name":"St.Lawrence Valley Yacht Racing Association","description":"All things SLVYRA","potentialAction":[{"@type":"SearchAction","target":{"@type":"EntryPoint","urlTemplate":"https:\/\/slvyra.com\/fr\/?s={search_term_string}"},"query-input":{"@type":"PropertyValueSpecification","valueRequired":true,"valueName":"search_term_string"}}],"inLanguage":"fr-FR"}]}},"_links":{"self":[{"href":"https:\/\/slvyra.com\/fr\/wp-json\/wp\/v2\/pages\/6574","targetHints":{"allow":["GET"]}}],"collection":[{"href":"https:\/\/slvyra.com\/fr\/wp-json\/wp\/v2\/pages"}],"about":[{"href":"https:\/\/slvyra.com\/fr\/wp-json\/wp\/v2\/types\/page"}],"author":[{"embeddable":true,"href":"https:\/\/slvyra.com\/fr\/wp-json\/wp\/v2\/users\/6"}],"replies":[{"embeddable":true,"href":"https:\/\/slvyra.com\/fr\/wp-json\/wp\/v2\/comments?post=6574"}],"version-history":[{"count":4,"href":"https:\/\/slvyra.com\/fr\/wp-json\/wp\/v2\/pages\/6574\/revisions"}],"predecessor-version":[{"id":7873,"href":"https:\/\/slvyra.com\/fr\/wp-json\/wp\/v2\/pages\/6574\/revisions\/7873"}],"up":[{"embeddable":true,"href":"https:\/\/slvyra.com\/fr\/wp-json\/wp\/v2\/pages\/6383"}],"wp:attachment":[{"href":"https:\/\/slvyra.com\/fr\/wp-json\/wp\/v2\/media?parent=6574"}],"curies":[{"name":"wp","href":"https:\/\/api.w.org\/{rel}","templated":true}]}}