{"id":6607,"date":"2019-01-27T19:24:01","date_gmt":"2019-01-27T19:24:01","guid":{"rendered":"https:\/\/slvyra.com\/handicaps\/request-a-handicap\/"},"modified":"2021-06-28T15:20:48","modified_gmt":"2021-06-28T15:20:48","slug":"demander-un-handicap","status":"publish","type":"page","link":"https:\/\/slvyra.com\/fr\/handicaps\/demander-un-handicap\/","title":{"rendered":"Demander un handicap"},"content":{"rendered":"[mk_page_section][vc_column][mk_fancy_title size=\u00a0\u00bb35&Prime; margin_top=\u00a0\u00bb20&Prime; font_family=\u00a0\u00bbnone\u00a0\u00bb align=\u00a0\u00bbcenter\u00a0\u00bb]Demander un handicap v\u00e9rifi\u00e9 par SLVYRA[\/mk_fancy_title][vc_column_text css=\u00a0\u00bb.vc_custom_1624893407025{margin-bottom: 0px !important;}\u00a0\u00bb]\n<div class=\"tlid-input input\">\n<div class=\"source-wrap\">\n<div class=\"input-full-height-wrapper tlid-input-full-height-wrapper\">\n<div class=\"source-input\">\n<div class=\"source-footer-wrap source-or-target-footer\">\n<div class=\"character-count tlid-character-count\">\n<div class=\"cc-ctr normal\"><span class=\"\" title=\"\">Pour participer aux courses sanctionn\u00e9es par SLVYRA dans la vall\u00e9e du Saint-Laurent, vous devez avoir un handicap SLVYRA v\u00e9rifi\u00e9.<\/span> <span class=\"\" title=\"\">Cela est n\u00e9cessaire pour garantir des r\u00e9sultats justes et pr\u00e9cis.<\/span><\/div>\n<\/div>\n<\/div>\n<\/div>\n<\/div>\n<\/div>\n<\/div>\n[\/vc_column_text][mk_fancy_title size=\u00a0\u00bb25&Prime; margin_top=\u00a0\u00bb10&Prime; font_family=\u00a0\u00bbnone\u00a0\u00bb align=\u00a0\u00bbcenter\u00a0\u00bb]Pour lancer le processus, veuillez contacter directement le handicapeur de votre club, une liste des handicapeurs d\u00e9sign\u00e9s par les clubs membres de SLVYRA appara\u00eet ci-dessous.<br \/>\n<iframe loading=\"lazy\" src=\"https:\/\/docs.google.com\/document\/d\/e\/2PACX-1vRZNvlHeLbJ6SJiu-X3xnppzmGO90T6ef7ImzkwbPwJnQXBDV41Ppx-qW2ftKnVbg\/pub?embedded=true\" width=\"1500\" height=\"2500\" align=\"&quot;center\"><\/iframe>[\/mk_fancy_title][mk_padding_divider size=\u00a0\u00bb5&Prime;][\/vc_column][\/mk_page_section]\n","protected":false},"excerpt":{"rendered":"<p>[mk_page_section][vc_column][mk_fancy_title size=\u00a0\u00bb35&Prime; margin_top=\u00a0\u00bb20&Prime; font_family=\u00a0\u00bbnone\u00a0\u00bb align=\u00a0\u00bbcenter\u00a0\u00bb]Demander un handicap v\u00e9rifi\u00e9 par SLVYRA[\/mk_fancy_title][vc_column_text css=\u00a0\u00bb.vc_custom_1624893407025{margin-bottom: 0px !important;}\u00a0\u00bb] Pour participer aux courses sanctionn\u00e9es par SLVYRA dans la vall\u00e9e du Saint-Laurent, vous devez avoir un handicap SLVYRA v\u00e9rifi\u00e9. Cela est n\u00e9cessaire pour garantir des r\u00e9sultats justes et pr\u00e9cis. [\/vc_column_text][mk_fancy_title size=\u00a0\u00bb25&Prime; margin_top=\u00a0\u00bb10&Prime; font_family=\u00a0\u00bbnone\u00a0\u00bb align=\u00a0\u00bbcenter\u00a0\u00bb]Pour lancer le processus, veuillez contacter directement le handicapeur [&hellip;]<\/p>\n","protected":false},"author":6,"featured_media":0,"parent":6387,"menu_order":0,"comment_status":"closed","ping_status":"closed","template":"","meta":{"footnotes":""},"class_list":["post-6607","page","type-page","status-publish","hentry"],"yoast_head":"<!-- This site is optimized with the Yoast SEO plugin v27.2 - https:\/\/yoast.com\/product\/yoast-seo-wordpress\/ -->\n<title>Demander un handicap - St.Lawrence Valley Yacht Racing Association<\/title>\n<meta name=\"robots\" content=\"index, follow, max-snippet:-1, max-image-preview:large, max-video-preview:-1\" \/>\n<link rel=\"canonical\" href=\"https:\/\/slvyra.com\/fr\/handicaps\/demander-un-handicap\/\" \/>\n<meta property=\"og:locale\" content=\"fr_FR\" \/>\n<meta property=\"og:type\" content=\"article\" \/>\n<meta property=\"og:title\" content=\"Demander un handicap - St.Lawrence Valley Yacht Racing Association\" \/>\n<meta property=\"og:description\" content=\"[mk_page_section][vc_column][mk_fancy_title size=\u00a0\u00bb35&Prime; margin_top=\u00a0\u00bb20&Prime; font_family=\u00a0\u00bbnone\u00a0\u00bb align=\u00a0\u00bbcenter\u00a0\u00bb]Demander un handicap v\u00e9rifi\u00e9 par SLVYRA[\/mk_fancy_title][vc_column_text css=\u00a0\u00bb.vc_custom_1624893407025{margin-bottom: 0px !important;}\u00a0\u00bb] Pour participer aux courses sanctionn\u00e9es par SLVYRA dans la vall\u00e9e du Saint-Laurent, vous devez avoir un handicap SLVYRA v\u00e9rifi\u00e9. Cela est n\u00e9cessaire pour garantir des r\u00e9sultats justes et pr\u00e9cis. [\/vc_column_text][mk_fancy_title size=\u00a0\u00bb25&Prime; margin_top=\u00a0\u00bb10&Prime; font_family=\u00a0\u00bbnone\u00a0\u00bb align=\u00a0\u00bbcenter\u00a0\u00bb]Pour lancer le processus, veuillez contacter directement le handicapeur [&hellip;]\" \/>\n<meta property=\"og:url\" content=\"https:\/\/slvyra.com\/fr\/handicaps\/demander-un-handicap\/\" \/>\n<meta property=\"og:site_name\" content=\"St.Lawrence Valley Yacht Racing Association\" \/>\n<meta property=\"article:modified_time\" content=\"2021-06-28T15:20:48+00:00\" \/>\n<meta name=\"twitter:card\" content=\"summary_large_image\" \/>\n<meta name=\"twitter:label1\" content=\"Dur\u00e9e de lecture estim\u00e9e\" \/>\n\t<meta name=\"twitter:data1\" content=\"1 minute\" \/>\n<script type=\"application\/ld+json\" class=\"yoast-schema-graph\">{\"@context\":\"https:\/\/schema.org\",\"@graph\":[{\"@type\":\"WebPage\",\"@id\":\"https:\/\/slvyra.com\/fr\/handicaps\/demander-un-handicap\/\",\"url\":\"https:\/\/slvyra.com\/fr\/handicaps\/demander-un-handicap\/\",\"name\":\"Demander un handicap - St.Lawrence Valley Yacht Racing Association\",\"isPartOf\":{\"@id\":\"https:\/\/slvyra.com\/fr\/#website\"},\"datePublished\":\"2019-01-27T19:24:01+00:00\",\"dateModified\":\"2021-06-28T15:20:48+00:00\",\"breadcrumb\":{\"@id\":\"https:\/\/slvyra.com\/fr\/handicaps\/demander-un-handicap\/#breadcrumb\"},\"inLanguage\":\"fr-FR\",\"potentialAction\":[{\"@type\":\"ReadAction\",\"target\":[\"https:\/\/slvyra.com\/fr\/handicaps\/demander-un-handicap\/\"]}]},{\"@type\":\"BreadcrumbList\",\"@id\":\"https:\/\/slvyra.com\/fr\/handicaps\/demander-un-handicap\/#breadcrumb\",\"itemListElement\":[{\"@type\":\"ListItem\",\"position\":1,\"name\":\"Home\",\"item\":\"https:\/\/slvyra.com\/fr\/\"},{\"@type\":\"ListItem\",\"position\":2,\"name\":\"Handicaps\",\"item\":\"https:\/\/slvyra.com\/fr\/handicaps\/\"},{\"@type\":\"ListItem\",\"position\":3,\"name\":\"Demander un handicap\"}]},{\"@type\":\"WebSite\",\"@id\":\"https:\/\/slvyra.com\/fr\/#website\",\"url\":\"https:\/\/slvyra.com\/fr\/\",\"name\":\"St.Lawrence Valley Yacht Racing Association\",\"description\":\"All things SLVYRA\",\"potentialAction\":[{\"@type\":\"SearchAction\",\"target\":{\"@type\":\"EntryPoint\",\"urlTemplate\":\"https:\/\/slvyra.com\/fr\/?s={search_term_string}\"},\"query-input\":{\"@type\":\"PropertyValueSpecification\",\"valueRequired\":true,\"valueName\":\"search_term_string\"}}],\"inLanguage\":\"fr-FR\"}]}<\/script>\n<!-- \/ Yoast SEO plugin. -->","yoast_head_json":{"title":"Demander un handicap - St.Lawrence Valley Yacht Racing Association","robots":{"index":"index","follow":"follow","max-snippet":"max-snippet:-1","max-image-preview":"max-image-preview:large","max-video-preview":"max-video-preview:-1"},"canonical":"https:\/\/slvyra.com\/fr\/handicaps\/demander-un-handicap\/","og_locale":"fr_FR","og_type":"article","og_title":"Demander un handicap - St.Lawrence Valley Yacht Racing Association","og_description":"[mk_page_section][vc_column][mk_fancy_title size=\u00a0\u00bb35&Prime; margin_top=\u00a0\u00bb20&Prime; font_family=\u00a0\u00bbnone\u00a0\u00bb align=\u00a0\u00bbcenter\u00a0\u00bb]Demander un handicap v\u00e9rifi\u00e9 par SLVYRA[\/mk_fancy_title][vc_column_text css=\u00a0\u00bb.vc_custom_1624893407025{margin-bottom: 0px !important;}\u00a0\u00bb] Pour participer aux courses sanctionn\u00e9es par SLVYRA dans la vall\u00e9e du Saint-Laurent, vous devez avoir un handicap SLVYRA v\u00e9rifi\u00e9. Cela est n\u00e9cessaire pour garantir des r\u00e9sultats justes et pr\u00e9cis. [\/vc_column_text][mk_fancy_title size=\u00a0\u00bb25&Prime; margin_top=\u00a0\u00bb10&Prime; font_family=\u00a0\u00bbnone\u00a0\u00bb align=\u00a0\u00bbcenter\u00a0\u00bb]Pour lancer le processus, veuillez contacter directement le handicapeur [&hellip;]","og_url":"https:\/\/slvyra.com\/fr\/handicaps\/demander-un-handicap\/","og_site_name":"St.Lawrence Valley Yacht Racing Association","article_modified_time":"2021-06-28T15:20:48+00:00","twitter_card":"summary_large_image","twitter_misc":{"Dur\u00e9e de lecture estim\u00e9e":"1 minute"},"schema":{"@context":"https:\/\/schema.org","@graph":[{"@type":"WebPage","@id":"https:\/\/slvyra.com\/fr\/handicaps\/demander-un-handicap\/","url":"https:\/\/slvyra.com\/fr\/handicaps\/demander-un-handicap\/","name":"Demander un handicap - St.Lawrence Valley Yacht Racing Association","isPartOf":{"@id":"https:\/\/slvyra.com\/fr\/#website"},"datePublished":"2019-01-27T19:24:01+00:00","dateModified":"2021-06-28T15:20:48+00:00","breadcrumb":{"@id":"https:\/\/slvyra.com\/fr\/handicaps\/demander-un-handicap\/#breadcrumb"},"inLanguage":"fr-FR","potentialAction":[{"@type":"ReadAction","target":["https:\/\/slvyra.com\/fr\/handicaps\/demander-un-handicap\/"]}]},{"@type":"BreadcrumbList","@id":"https:\/\/slvyra.com\/fr\/handicaps\/demander-un-handicap\/#breadcrumb","itemListElement":[{"@type":"ListItem","position":1,"name":"Home","item":"https:\/\/slvyra.com\/fr\/"},{"@type":"ListItem","position":2,"name":"Handicaps","item":"https:\/\/slvyra.com\/fr\/handicaps\/"},{"@type":"ListItem","position":3,"name":"Demander un handicap"}]},{"@type":"WebSite","@id":"https:\/\/slvyra.com\/fr\/#website","url":"https:\/\/slvyra.com\/fr\/","name":"St.Lawrence Valley Yacht Racing Association","description":"All things SLVYRA","potentialAction":[{"@type":"SearchAction","target":{"@type":"EntryPoint","urlTemplate":"https:\/\/slvyra.com\/fr\/?s={search_term_string}"},"query-input":{"@type":"PropertyValueSpecification","valueRequired":true,"valueName":"search_term_string"}}],"inLanguage":"fr-FR"}]}},"_links":{"self":[{"href":"https:\/\/slvyra.com\/fr\/wp-json\/wp\/v2\/pages\/6607","targetHints":{"allow":["GET"]}}],"collection":[{"href":"https:\/\/slvyra.com\/fr\/wp-json\/wp\/v2\/pages"}],"about":[{"href":"https:\/\/slvyra.com\/fr\/wp-json\/wp\/v2\/types\/page"}],"author":[{"embeddable":true,"href":"https:\/\/slvyra.com\/fr\/wp-json\/wp\/v2\/users\/6"}],"replies":[{"embeddable":true,"href":"https:\/\/slvyra.com\/fr\/wp-json\/wp\/v2\/comments?post=6607"}],"version-history":[{"count":12,"href":"https:\/\/slvyra.com\/fr\/wp-json\/wp\/v2\/pages\/6607\/revisions"}],"predecessor-version":[{"id":8777,"href":"https:\/\/slvyra.com\/fr\/wp-json\/wp\/v2\/pages\/6607\/revisions\/8777"}],"up":[{"embeddable":true,"href":"https:\/\/slvyra.com\/fr\/wp-json\/wp\/v2\/pages\/6387"}],"wp:attachment":[{"href":"https:\/\/slvyra.com\/fr\/wp-json\/wp\/v2\/media?parent=6607"}],"curies":[{"name":"wp","href":"https:\/\/api.w.org\/{rel}","templated":true}]}}