{"id":6783,"date":"2019-01-27T22:47:29","date_gmt":"2019-01-27T22:47:29","guid":{"rendered":"https:\/\/slvyra.com\/a-propos\/history\/"},"modified":"2019-03-03T17:55:08","modified_gmt":"2019-03-03T17:55:08","slug":"histoire","status":"publish","type":"page","link":"https:\/\/slvyra.com\/fr\/a-propos\/histoire\/","title":{"rendered":"l&rsquo;histoire"},"content":{"rendered":"<div class=\"wpb-content-wrapper\">[mk_page_section][vc_column][mk_padding_divider size=\u00a0\u00bb20&Prime;][mk_fancy_title size=\u00a0\u00bb35&Prime; margin_top=\u00a0\u00bb20&Prime; margin_bottom=\u00a0\u00bb5&Prime; font_family=\u00a0\u00bbnone\u00a0\u00bb]Retour sur SLVYRA au fil des ans.[\/mk_fancy_title][vc_column_text css=\u00a0\u00bb.vc_custom_1551635070758{margin-bottom: 0px !important;}\u00a0\u00bb]Fond\u00e9e le 27 f\u00e9vrier 1946 par A. H. Thomson du Yacht Club de Pointe-Claire, la citation ci-dessous est apparue dans le communiqu\u00e9 de presse publi\u00e9 dans un journal local.[\/vc_column_text][mk_blockquote font_family=\u00a0\u00bbCourier New, Courier, monospace\u00a0\u00bb font_type=\u00a0\u00bbsafefont\u00a0\u00bb font_size_combat=\u00a0\u00bbtrue\u00a0\u00bb text_size=\u00a0\u00bb15&Prime;]L&rsquo;objectif de ce nouveau groupe est de promouvoir les courses dans la province et d&rsquo;int\u00e9resser davantage de passionn\u00e9s de voile \u00e0 l&rsquo;art d\u00e9licat de manipuler leurs sloops.[\/mk_blockquote][vc_column_text css=\u00a0\u00bb.vc_custom_1551635133045{margin-bottom: 0px !important;}\u00a0\u00bb]Cliquez sur les boutons ci-dessous pour voir certains des documents archiv\u00e9s qui ont \u00e9t\u00e9 pr\u00e9serv\u00e9s au cours des 70 derni\u00e8res ann\u00e9es.[\/vc_column_text][vc_row_inner][vc_column_inner width=\u00a0\u00bb1\/6&Prime;][vc_single_image image=\u00a0\u00bb5962&Prime;][mk_button dimension=\u00a0\u00bbflat\u00a0\u00bb size=\u00a0\u00bbmedium\u00a0\u00bb url=\u00a0\u00bbhttps:\/\/slvyra.com\/about-us\/history\/past-presidents\/\u00a0\u00bb align=\u00a0\u00bbcenter\u00a0\u00bb bg_color=\u00a0\u00bb#1e73be\u00a0\u00bb btn_hover_bg=\u00a0\u00bb#81d742&Prime; btn_hover_txt_color=\u00a0\u00bb#000000&Prime;]Anciens pr\u00e9sidents[\/mk_button][\/vc_column_inner][vc_column_inner width=\u00a0\u00bb1\/12&Prime;][\/vc_column_inner][vc_column_inner width=\u00a0\u00bb1\/6&Prime;][vc_single_image image=\u00a0\u00bb6752&Prime;][mk_button dimension=\u00a0\u00bbflat\u00a0\u00bb size=\u00a0\u00bbmedium\u00a0\u00bb url=\u00a0\u00bbhttps:\/\/slvyra.com\/about-us\/history\/1946-constitution\/\u00a0\u00bb align=\u00a0\u00bbcenter\u00a0\u00bb button_custom_width=\u00a0\u00bb400&Prime; margin_right=\u00a0\u00bb0&Prime; bg_color=\u00a0\u00bb#1e73be\u00a0\u00bb btn_hover_bg=\u00a0\u00bb#81d742&Prime; btn_hover_txt_color=\u00a0\u00bb#000000&Prime;]Constitution de 1946[\/mk_button][\/vc_column_inner][vc_column_inner width=\u00a0\u00bb1\/12&Prime;][\/vc_column_inner][vc_column_inner width=\u00a0\u00bb1\/6&Prime;][vc_single_image image=\u00a0\u00bb6758&Prime;][mk_button dimension=\u00a0\u00bbflat\u00a0\u00bb size=\u00a0\u00bbmedium\u00a0\u00bb url=\u00a0\u00bbhttps:\/\/slvyra.com\/about-us\/history\/1946-clippings\/\u00a0\u00bb align=\u00a0\u00bbcenter\u00a0\u00bb bg_color=\u00a0\u00bb#1e73be\u00a0\u00bb btn_hover_bg=\u00a0\u00bb#81d742&Prime; btn_hover_txt_color=\u00a0\u00bb#000000&Prime;]1946 coupures[\/mk_button][\/vc_column_inner][vc_column_inner width=\u00a0\u00bb1\/12&Prime;][\/vc_column_inner][vc_column_inner width=\u00a0\u00bb1\/6&Prime;][vc_single_image image=\u00a0\u00bb6760&Prime;][mk_button dimension=\u00a0\u00bbflat\u00a0\u00bb size=\u00a0\u00bbmedium\u00a0\u00bb url=\u00a0\u00bbhttps:\/\/slvyra.com\/about-us\/history\/film-clips\/\u00a0\u00bb align=\u00a0\u00bbcenter\u00a0\u00bb bg_color=\u00a0\u00bb#1e73be\u00a0\u00bb btn_hover_bg=\u00a0\u00bb#81d742&Prime; btn_hover_txt_color=\u00a0\u00bb#000000&Prime;]Qui clips de film[\/mk_button][\/vc_column_inner][\/vc_row_inner][\/vc_column][\/mk_page_section][vc_row][vc_column][mk_padding_divider][\/vc_column][\/vc_row]\n<\/div>","protected":false},"excerpt":{"rendered":"<p>[mk_page_section][vc_column][mk_padding_divider size=\u00a0\u00bb20&Prime;][mk_fancy_title size=\u00a0\u00bb35&Prime; margin_top=\u00a0\u00bb20&Prime; margin_bottom=\u00a0\u00bb5&Prime; font_family=\u00a0\u00bbnone\u00a0\u00bb]Retour sur SLVYRA au fil des ans.[\/mk_fancy_title][vc_column_text css=\u00a0\u00bb.vc_custom_1551635070758{margin-bottom: 0px !important;}\u00a0\u00bb]Fond\u00e9e le 27 f\u00e9vrier 1946 par A. H. Thomson du Yacht Club de Pointe-Claire, la citation ci-dessous est apparue dans le communiqu\u00e9 de presse publi\u00e9 dans un journal local.[\/vc_column_text][mk_blockquote font_family=\u00a0\u00bbCourier New, Courier, monospace\u00a0\u00bb font_type=\u00a0\u00bbsafefont\u00a0\u00bb font_size_combat=\u00a0\u00bbtrue\u00a0\u00bb text_size=\u00a0\u00bb15&Prime;]L&rsquo;objectif de ce nouveau groupe est [&hellip;]<\/p>\n","protected":false},"author":6,"featured_media":0,"parent":5927,"menu_order":0,"comment_status":"closed","ping_status":"closed","template":"","meta":{"footnotes":""},"class_list":["post-6783","page","type-page","status-publish","hentry"],"yoast_head":"<!-- This site is optimized with the Yoast SEO plugin v27.2 - https:\/\/yoast.com\/product\/yoast-seo-wordpress\/ -->\n<title>l&#039;histoire - St.Lawrence Valley Yacht Racing Association<\/title>\n<meta name=\"robots\" content=\"index, follow, max-snippet:-1, max-image-preview:large, max-video-preview:-1\" \/>\n<link rel=\"canonical\" href=\"https:\/\/slvyra.com\/fr\/a-propos\/histoire\/\" \/>\n<meta property=\"og:locale\" content=\"fr_FR\" \/>\n<meta property=\"og:type\" content=\"article\" \/>\n<meta property=\"og:title\" content=\"l&#039;histoire - St.Lawrence Valley Yacht Racing Association\" \/>\n<meta property=\"og:description\" content=\"[mk_page_section][vc_column][mk_padding_divider size=\u00a0\u00bb20&Prime;][mk_fancy_title size=\u00a0\u00bb35&Prime; margin_top=\u00a0\u00bb20&Prime; margin_bottom=\u00a0\u00bb5&Prime; font_family=\u00a0\u00bbnone\u00a0\u00bb]Retour sur SLVYRA au fil des ans.[\/mk_fancy_title][vc_column_text css=\u00a0\u00bb.vc_custom_1551635070758{margin-bottom: 0px !important;}\u00a0\u00bb]Fond\u00e9e le 27 f\u00e9vrier 1946 par A. H. Thomson du Yacht Club de Pointe-Claire, la citation ci-dessous est apparue dans le communiqu\u00e9 de presse publi\u00e9 dans un journal local.[\/vc_column_text][mk_blockquote font_family=\u00a0\u00bbCourier New, Courier, monospace\u00a0\u00bb font_type=\u00a0\u00bbsafefont\u00a0\u00bb font_size_combat=\u00a0\u00bbtrue\u00a0\u00bb text_size=\u00a0\u00bb15&Prime;]L&rsquo;objectif de ce nouveau groupe est [&hellip;]\" \/>\n<meta property=\"og:url\" content=\"https:\/\/slvyra.com\/fr\/a-propos\/histoire\/\" \/>\n<meta property=\"og:site_name\" content=\"St.Lawrence Valley Yacht Racing Association\" \/>\n<meta property=\"article:modified_time\" content=\"2019-03-03T17:55:08+00:00\" \/>\n<meta name=\"twitter:card\" content=\"summary_large_image\" \/>\n<meta name=\"twitter:label1\" content=\"Dur\u00e9e de lecture estim\u00e9e\" \/>\n\t<meta name=\"twitter:data1\" content=\"2 minutes\" \/>\n<script type=\"application\/ld+json\" class=\"yoast-schema-graph\">{\"@context\":\"https:\/\/schema.org\",\"@graph\":[{\"@type\":\"WebPage\",\"@id\":\"https:\/\/slvyra.com\/fr\/a-propos\/histoire\/\",\"url\":\"https:\/\/slvyra.com\/fr\/a-propos\/histoire\/\",\"name\":\"l'histoire - St.Lawrence Valley Yacht Racing Association\",\"isPartOf\":{\"@id\":\"https:\/\/slvyra.com\/fr\/#website\"},\"datePublished\":\"2019-01-27T22:47:29+00:00\",\"dateModified\":\"2019-03-03T17:55:08+00:00\",\"breadcrumb\":{\"@id\":\"https:\/\/slvyra.com\/fr\/a-propos\/histoire\/#breadcrumb\"},\"inLanguage\":\"fr-FR\",\"potentialAction\":[{\"@type\":\"ReadAction\",\"target\":[\"https:\/\/slvyra.com\/fr\/a-propos\/histoire\/\"]}]},{\"@type\":\"BreadcrumbList\",\"@id\":\"https:\/\/slvyra.com\/fr\/a-propos\/histoire\/#breadcrumb\",\"itemListElement\":[{\"@type\":\"ListItem\",\"position\":1,\"name\":\"Home\",\"item\":\"https:\/\/slvyra.com\/fr\/\"},{\"@type\":\"ListItem\",\"position\":2,\"name\":\"Accueil\",\"item\":\"https:\/\/slvyra.com\/fr\/\"},{\"@type\":\"ListItem\",\"position\":3,\"name\":\"l&rsquo;histoire\"}]},{\"@type\":\"WebSite\",\"@id\":\"https:\/\/slvyra.com\/fr\/#website\",\"url\":\"https:\/\/slvyra.com\/fr\/\",\"name\":\"St.Lawrence Valley Yacht Racing Association\",\"description\":\"All things SLVYRA\",\"potentialAction\":[{\"@type\":\"SearchAction\",\"target\":{\"@type\":\"EntryPoint\",\"urlTemplate\":\"https:\/\/slvyra.com\/fr\/?s={search_term_string}\"},\"query-input\":{\"@type\":\"PropertyValueSpecification\",\"valueRequired\":true,\"valueName\":\"search_term_string\"}}],\"inLanguage\":\"fr-FR\"}]}<\/script>\n<!-- \/ Yoast SEO plugin. -->","yoast_head_json":{"title":"l'histoire - St.Lawrence Valley Yacht Racing Association","robots":{"index":"index","follow":"follow","max-snippet":"max-snippet:-1","max-image-preview":"max-image-preview:large","max-video-preview":"max-video-preview:-1"},"canonical":"https:\/\/slvyra.com\/fr\/a-propos\/histoire\/","og_locale":"fr_FR","og_type":"article","og_title":"l'histoire - St.Lawrence Valley Yacht Racing Association","og_description":"[mk_page_section][vc_column][mk_padding_divider size=\u00a0\u00bb20&Prime;][mk_fancy_title size=\u00a0\u00bb35&Prime; margin_top=\u00a0\u00bb20&Prime; margin_bottom=\u00a0\u00bb5&Prime; font_family=\u00a0\u00bbnone\u00a0\u00bb]Retour sur SLVYRA au fil des ans.[\/mk_fancy_title][vc_column_text css=\u00a0\u00bb.vc_custom_1551635070758{margin-bottom: 0px !important;}\u00a0\u00bb]Fond\u00e9e le 27 f\u00e9vrier 1946 par A. H. Thomson du Yacht Club de Pointe-Claire, la citation ci-dessous est apparue dans le communiqu\u00e9 de presse publi\u00e9 dans un journal local.[\/vc_column_text][mk_blockquote font_family=\u00a0\u00bbCourier New, Courier, monospace\u00a0\u00bb font_type=\u00a0\u00bbsafefont\u00a0\u00bb font_size_combat=\u00a0\u00bbtrue\u00a0\u00bb text_size=\u00a0\u00bb15&Prime;]L&rsquo;objectif de ce nouveau groupe est [&hellip;]","og_url":"https:\/\/slvyra.com\/fr\/a-propos\/histoire\/","og_site_name":"St.Lawrence Valley Yacht Racing Association","article_modified_time":"2019-03-03T17:55:08+00:00","twitter_card":"summary_large_image","twitter_misc":{"Dur\u00e9e de lecture estim\u00e9e":"2 minutes"},"schema":{"@context":"https:\/\/schema.org","@graph":[{"@type":"WebPage","@id":"https:\/\/slvyra.com\/fr\/a-propos\/histoire\/","url":"https:\/\/slvyra.com\/fr\/a-propos\/histoire\/","name":"l'histoire - St.Lawrence Valley Yacht Racing Association","isPartOf":{"@id":"https:\/\/slvyra.com\/fr\/#website"},"datePublished":"2019-01-27T22:47:29+00:00","dateModified":"2019-03-03T17:55:08+00:00","breadcrumb":{"@id":"https:\/\/slvyra.com\/fr\/a-propos\/histoire\/#breadcrumb"},"inLanguage":"fr-FR","potentialAction":[{"@type":"ReadAction","target":["https:\/\/slvyra.com\/fr\/a-propos\/histoire\/"]}]},{"@type":"BreadcrumbList","@id":"https:\/\/slvyra.com\/fr\/a-propos\/histoire\/#breadcrumb","itemListElement":[{"@type":"ListItem","position":1,"name":"Home","item":"https:\/\/slvyra.com\/fr\/"},{"@type":"ListItem","position":2,"name":"Accueil","item":"https:\/\/slvyra.com\/fr\/"},{"@type":"ListItem","position":3,"name":"l&rsquo;histoire"}]},{"@type":"WebSite","@id":"https:\/\/slvyra.com\/fr\/#website","url":"https:\/\/slvyra.com\/fr\/","name":"St.Lawrence Valley Yacht Racing Association","description":"All things SLVYRA","potentialAction":[{"@type":"SearchAction","target":{"@type":"EntryPoint","urlTemplate":"https:\/\/slvyra.com\/fr\/?s={search_term_string}"},"query-input":{"@type":"PropertyValueSpecification","valueRequired":true,"valueName":"search_term_string"}}],"inLanguage":"fr-FR"}]}},"_links":{"self":[{"href":"https:\/\/slvyra.com\/fr\/wp-json\/wp\/v2\/pages\/6783","targetHints":{"allow":["GET"]}}],"collection":[{"href":"https:\/\/slvyra.com\/fr\/wp-json\/wp\/v2\/pages"}],"about":[{"href":"https:\/\/slvyra.com\/fr\/wp-json\/wp\/v2\/types\/page"}],"author":[{"embeddable":true,"href":"https:\/\/slvyra.com\/fr\/wp-json\/wp\/v2\/users\/6"}],"replies":[{"embeddable":true,"href":"https:\/\/slvyra.com\/fr\/wp-json\/wp\/v2\/comments?post=6783"}],"version-history":[{"count":6,"href":"https:\/\/slvyra.com\/fr\/wp-json\/wp\/v2\/pages\/6783\/revisions"}],"predecessor-version":[{"id":6793,"href":"https:\/\/slvyra.com\/fr\/wp-json\/wp\/v2\/pages\/6783\/revisions\/6793"}],"up":[{"embeddable":true,"href":"https:\/\/slvyra.com\/fr\/wp-json\/wp\/v2\/pages\/5927"}],"wp:attachment":[{"href":"https:\/\/slvyra.com\/fr\/wp-json\/wp\/v2\/media?parent=6783"}],"curies":[{"name":"wp","href":"https:\/\/api.w.org\/{rel}","templated":true}]}}