{"id":7839,"date":"2020-06-22T17:47:45","date_gmt":"2020-06-22T17:47:45","guid":{"rendered":"https:\/\/slvyra.com\/?page_id=7839"},"modified":"2020-08-28T19:21:01","modified_gmt":"2020-08-28T19:21:01","slug":"serie-distance-voisin","status":"publish","type":"page","link":"https:\/\/slvyra.com\/fr\/calendar\/serie-distance-voisin\/","title":{"rendered":"S\u00e9rie Distance Voisin"},"content":{"rendered":"<div class=\"wpb-content-wrapper\">[mk_page_section bg_image=\u00a0\u00bbhttps:\/\/slvyra.com\/wp-content\/uploads\/2019\/01\/imgp7419-x3.jpg\u00a0\u00bb bg_position=\u00a0\u00bbcenter center\u00a0\u00bb bg_repeat=\u00a0\u00bbno-repeat\u00a0\u00bb bg_stretch=\u00a0\u00bbtrue\u00a0\u00bb video_color_mask=\u00a0\u00bb#3a3a3a\u00a0\u00bb video_opacity=\u00a0\u00bb0.5&Prime; min_height=\u00a0\u00bb0&Prime; full_width=\u00a0\u00bbtrue\u00a0\u00bb padding_top=\u00a0\u00bb70&Prime; padding_bottom=\u00a0\u00bb0&Prime; first_page=\u00a0\u00bbfalse\u00a0\u00bb last_page=\u00a0\u00bbfalse\u00a0\u00bb sidebar=\u00a0\u00bbsidebar-1&Prime;][vc_column width=\u00a0\u00bb1\/6&Prime;][\/vc_column][vc_column width=\u00a0\u00bb5\/6&Prime;][mk_padding_divider size=\u00a0\u00bb70&Prime;][mk_fancy_title color=\u00a0\u00bb#30a0e7&Prime; size=\u00a0\u00bb50&Prime; txt_transform=\u00a0\u00bbnone\u00a0\u00bb margin_top=\u00a0\u00bb10&Prime; margin_bottom=\u00a0\u00bb10&Prime; font_family=\u00a0\u00bbMontserrat\u00a0\u00bb font_type=\u00a0\u00bbgoogle\u00a0\u00bb]\n<div style=\"color: white; font-weight: normal;\">Calendrier de la saison de course SDV<\/div>\n[\/mk_fancy_title][\/vc_column][\/mk_page_section][vc_row padding=\u00a0\u00bb0&Prime;][vc_column][mk_padding_divider size=\u00a0\u00bb25&Prime;][mk_fancy_title size=\u00a0\u00bb25&Prime; font_weight=\u00a0\u00bbbold\u00a0\u00bb margin_bottom=\u00a0\u00bb5&Prime; font_family=\u00a0\u00bbnone\u00a0\u00bb]<span style=\"vertical-align: inherit;\"><span style=\"vertical-align: inherit;\"><span style=\"vertical-align: inherit;\"><span style=\"vertical-align: inherit;\"><span style=\"vertical-align: inherit;\"><span style=\"vertical-align: inherit;\">The SDV (S\u00e9rie Distance Voisin)<\/span><\/span><\/span><\/span><\/span><\/span>[\/mk_fancy_title][mk_fancy_title size=\u00a0\u00bb20&Prime; font_weight=\u00a0\u00bb500&Prime; font_family=\u00a0\u00bbnone\u00a0\u00bb align=\u00a0\u00bbcenter\u00a0\u00bb]Avec les efforts combin\u00e9s de Pointe-Claire, Beaconsfield et les clubs de yacht Royal St. Lawrence, la course sur le lac Saint-Louis doit commencer les mardis et jeudis soirs du 25 juin au 27 ao\u00fbt 2020. Cliquez sur le bouton ci-dessous pour voir la nouvelle voile Instructions. Tous les participants sont tenus de respecter les r\u00e9glementations gouvernementales telles que d\u00e9crites dans les IS[\/mk_fancy_title][vc_row_inner][vc_column_inner width=\u00a0\u00bb1\/3&Prime;][\/vc_column_inner][vc_column_inner width=\u00a0\u00bb1\/3&Prime;][mk_button dimension=\u00a0\u00bbflat\u00a0\u00bb url=\u00a0\u00bbhttps:\/\/slvyra.com\/fr\/handicaps\/demander-un-handicap\/\u00a0\u00bb align=\u00a0\u00bbcenter\u00a0\u00bb fullwidth=\u00a0\u00bbtrue\u00a0\u00bb bg_color=\u00a0\u00bb#1e73be\u00a0\u00bb btn_hover_bg=\u00a0\u00bb#81d742&Prime; btn_hover_txt_color=\u00a0\u00bb#000000&Prime;]INSCRIVEZ-VOUS \u00c0 LA COURSE &#8211; DEMANDEZ UN HANDICAP[\/mk_button][\/vc_column_inner][vc_column_inner width=\u00a0\u00bb1\/3&Prime;][\/vc_column_inner][\/vc_row_inner][mk_fancy_title size=\u00a0\u00bb20&Prime; font_weight=\u00a0\u00bb500&Prime; font_family=\u00a0\u00bbnone\u00a0\u00bb align=\u00a0\u00bbcenter\u00a0\u00bb]Afin de marquer \u00e9quitablement la course, vous devez vous inscrire. Si vous n&rsquo;avez pas particip\u00e9 par le pass\u00e9, le processus n\u00e9cessite que vous demandiez un handicap. Cliquez sur le lien ci-dessus pour participer.[\/mk_fancy_title][vc_row_inner][vc_column_inner width=\u00a0\u00bb1\/3&Prime;][mk_button dimension=\u00a0\u00bbflat\u00a0\u00bb url=\u00a0\u00bbhttps:\/\/slvyra.com\/wp-content\/uploads\/2020\/08\/2020_instructions_de_courses_dns-series-dautomne-5_6.pdf\u00a0\u00bb target=\u00a0\u00bb_blank\u00a0\u00bb align=\u00a0\u00bbcenter\u00a0\u00bb fullwidth=\u00a0\u00bbtrue\u00a0\u00bb bg_color=\u00a0\u00bb#1e73be\u00a0\u00bb btn_hover_bg=\u00a0\u00bb#81d742&Prime; btn_hover_txt_color=\u00a0\u00bb#000000&Prime;]INSTRUCTIONS DE VOILE DE COMBINAISON (IS) + AVIS DE COURSE (NOR) &#8211; Series 5 &#038; 6[\/mk_button][mk_padding_divider size=\u00a0\u00bb10&Prime;][\/vc_column_inner][vc_column_inner width=\u00a0\u00bb1\/3&Prime;][\/vc_column_inner][vc_column_inner width=\u00a0\u00bb1\/3&Prime;][mk_button dimension=\u00a0\u00bbflat\u00a0\u00bb url=\u00a0\u00bbhttps:\/\/slvyra.com\/2020-results\/\u00a0\u00bb align=\u00a0\u00bbcenter\u00a0\u00bb fullwidth=\u00a0\u00bbtrue\u00a0\u00bb bg_color=\u00a0\u00bb#1e73be\u00a0\u00bb btn_hover_bg=\u00a0\u00bb#81d742&Prime; btn_hover_txt_color=\u00a0\u00bb#000000&Prime;]RESULTS[\/mk_button][\/vc_column_inner][\/vc_row_inner][mk_padding_divider size=\u00a0\u00bb25&Prime;][vc_raw_html]JTNDaWZyYW1lJTIwc3JjJTNEJTIyaHR0cHMlM0ElMkYlMkZjYWxlbmRhci5nb29nbGUuY29tJTJGY2FsZW5kYXIlMkZlbWJlZCUzRnNyYyUzRHQyMzhmZDVmcmc3NnFlNTRxaDgxc3Y0cGhnJTI1NDBncm91cC5jYWxlbmRhci5nb29nbGUuY29tJTI2Y3R6JTNEQW1lcmljYSUyNTJGVG9yb250byUyMiUyMHN0eWxlJTNEJTIyYm9yZGVyJTNBJTIwMCUyMiUyMHdpZHRoJTNEJTIyMTAwMCUyMiUyMGhlaWdodCUzRCUyMjYwMCUyMiUyMGZyYW1lYm9yZGVyJTNEJTIyMCUyMiUyMHNjcm9sbGluZyUzRCUyMm5vJTIyJTNFJTNDJTJGaWZyYW1lJTNF[\/vc_raw_html][\/vc_column][\/vc_row][vc_row padding=\u00a0\u00bb0&Prime;][vc_column width=\u00a0\u00bb1\/3&Prime; offset=\u00a0\u00bbvc_hidden-lg vc_hidden-md vc_hidden-sm vc_hidden-xs\u00a0\u00bb][mk_padding_divider size=\u00a0\u00bb30&Prime;][mk_button dimension=\u00a0\u00bbflat\u00a0\u00bb corner_style=\u00a0\u00bbrounded\u00a0\u00bb size=\u00a0\u00bbmedium\u00a0\u00bb url=\u00a0\u00bbhttps:\/\/slvyra.com\/wp-content\/uploads\/2019\/05\/2019_si_gns-may-12.pdf\u00a0\u00bb target=\u00a0\u00bb_blank\u00a0\u00bb align=\u00a0\u00bbcenter\u00a0\u00bb bg_color=\u00a0\u00bb#1e73be\u00a0\u00bb btn_hover_bg=\u00a0\u00bb#81d742&Prime; btn_hover_txt_color=\u00a0\u00bb#000000&Prime;]INSTRUCTIONS DE NAVIGATION (SI)[\/mk_button][vc_column_text align=\u00a0\u00bbcenter\u00a0\u00bb css=\u00a0\u00bb.vc_custom_1563052206049{margin-bottom: 0px !important;}\u00a0\u00bb]Cliquez sur le bouton bleu pour t\u00e9l\u00e9charger une version .PDF[\/vc_column_text][mk_button dimension=\u00a0\u00bbflat\u00a0\u00bb corner_style=\u00a0\u00bbrounded\u00a0\u00bb size=\u00a0\u00bbmedium\u00a0\u00bb url=\u00a0\u00bbhttps:\/\/slvyra.com\/wp-content\/uploads\/2019\/07\/2019_si_gns-amendment-1-july-12-2019.pdf\u00a0\u00bb target=\u00a0\u00bb_blank\u00a0\u00bb align=\u00a0\u00bbcenter\u00a0\u00bb bg_color=\u00a0\u00bb#1e73be\u00a0\u00bb btn_hover_bg=\u00a0\u00bb#81d742&Prime; btn_hover_txt_color=\u00a0\u00bb#000000&Prime;]modification aux instructions de navigation (SI)[\/mk_button][mk_button dimension=\u00a0\u00bbflat\u00a0\u00bb corner_style=\u00a0\u00bbrounded\u00a0\u00bb size=\u00a0\u00bbmedium\u00a0\u00bb url=\u00a0\u00bbhttps:\/\/slvyra.com\/wp-content\/uploads\/2019\/06\/2019-score-sheet-rev-5.pdf\u00a0\u00bb target=\u00a0\u00bb_blank\u00a0\u00bb align=\u00a0\u00bbcenter\u00a0\u00bb bg_color=\u00a0\u00bb#1e73be\u00a0\u00bb btn_hover_bg=\u00a0\u00bb#81d742&Prime; btn_hover_txt_color=\u00a0\u00bb#000000&Prime;]\nDocuments RC[\/mk_button][\/vc_column][vc_column width=\u00a0\u00bb1\/3&Prime; offset=\u00a0\u00bbvc_hidden-lg vc_hidden-md vc_hidden-sm vc_hidden-xs\u00a0\u00bb][mk_padding_divider size=\u00a0\u00bb30&Prime;][mk_button dimension=\u00a0\u00bbflat\u00a0\u00bb corner_style=\u00a0\u00bbrounded\u00a0\u00bb size=\u00a0\u00bbmedium\u00a0\u00bb url=\u00a0\u00bbhttps:\/\/slvyra.com\/results\/\u00a0\u00bb align=\u00a0\u00bbcenter\u00a0\u00bb bg_color=\u00a0\u00bb#1e73be\u00a0\u00bb btn_hover_bg=\u00a0\u00bb#81d742&Prime; btn_hover_txt_color=\u00a0\u00bb#000000&Prime;]R\u00e9sultats[\/mk_button][mk_padding_divider size=\u00a0\u00bb30&Prime;][mk_button dimension=\u00a0\u00bbflat\u00a0\u00bb corner_style=\u00a0\u00bbrounded\u00a0\u00bb size=\u00a0\u00bblarge\u00a0\u00bb letter_spacing=\u00a0\u00bb4&Prime; url=\u00a0\u00bbhttps:\/\/docs.google.com\/forms\/d\/e\/1FAIpQLSd9Sid4T-XG4mM1_RbynFudmMhPTPf8uJTg05jTnCsBngN0Kg\/viewform\u00a0\u00bb target=\u00a0\u00bb_blank\u00a0\u00bb align=\u00a0\u00bbcenter\u00a0\u00bb fullwidth=\u00a0\u00bbtrue\u00a0\u00bb bg_color=\u00a0\u00bb#81d742&Prime; btn_hover_bg=\u00a0\u00bb#1e73be\u00a0\u00bb btn_hover_txt_color=\u00a0\u00bb#000000&Prime;]S&rsquo;inscrire au SBV[\/mk_button][\/vc_column][vc_column width=\u00a0\u00bb1\/3&Prime; offset=\u00a0\u00bbvc_hidden-lg vc_hidden-md vc_hidden-sm vc_hidden-xs\u00a0\u00bb][mk_padding_divider size=\u00a0\u00bb30&Prime;][mk_button dimension=\u00a0\u00bbflat\u00a0\u00bb corner_style=\u00a0\u00bbrounded\u00a0\u00bb size=\u00a0\u00bbmedium\u00a0\u00bb url=\u00a0\u00bbhttps:\/\/slvyra.com\/wp-content\/uploads\/2019\/04\/2019_nor_gns-jan-26-2019.pdf\u00a0\u00bb target=\u00a0\u00bb_blank\u00a0\u00bb align=\u00a0\u00bbcenter\u00a0\u00bb bg_color=\u00a0\u00bb#1e73be\u00a0\u00bb btn_hover_bg=\u00a0\u00bb#81d742&Prime; btn_hover_txt_color=\u00a0\u00bb#000000&Prime;]AVIS DE COURSE (NoR)[\/mk_button][vc_column_text align=\u00a0\u00bbcenter\u00a0\u00bb css=\u00a0\u00bb.vc_custom_1551020253058{margin-bottom: 0px !important;}\u00a0\u00bb]Cliquez sur le bouton bleu ci-dessus pour t\u00e9l\u00e9charger une version .PDF[\/vc_column_text][\/vc_column][\/vc_row][mk_page_section][vc_column width=\u00a0\u00bb1\/4&Prime; offset=\u00a0\u00bbvc_hidden-lg vc_hidden-md vc_hidden-sm vc_hidden-xs\u00a0\u00bb][vc_raw_html]JTNDaWZyYW1lJTIwaWQlM0QlMjdycnMtZXZlbnRfbWVudS1pZnJhbWUlMjclMjBzcmMlM0QlMjJodHRwcyUzQSUyRiUyRnd3dy5yYWNpbmdydWxlc29mc2FpbGluZy5vcmclMkZldmVudF9tZW51cyUyRjQ1MCUyRmV2ZW50X21lbnUlMjIlMjB3aWR0aCUzRCUyMjIyMCUyMiUyMGhlaWdodCUzRCUyNzMwMCUyNyUyMGZyYW1lYm9yZGVyJTNEJTIyMCUyMiUyMHNjcm9sbGluZyUzRCUyMm5vJTIyJTNFJTNDJTJGaWZyYW1lJTNF[\/vc_raw_html][\/vc_column][vc_column width=\u00a0\u00bb3\/4&Prime; offset=\u00a0\u00bbvc_hidden-lg vc_hidden-md vc_hidden-sm vc_hidden-xs\u00a0\u00bb][vc_column_text css=\u00a0\u00bb.vc_custom_1555523274230{margin-bottom: 0px !important;}\u00a0\u00bb]Tous les mardis et jeudis soir, les concurrents se rassemblent pour la s\u00e9rie des bons voisins. Selon les conditions de vent, le bateau du Comit\u00e9 de course peut g\u00e9n\u00e9ralement \u00eatre vu quelque part au large de Pointe-Claire.<\/p>\n<p><img loading=\"lazy\" decoding=\"async\" class=\" wp-image-6362 alignright\" src=\"https:\/\/slvyra.com\/wp-content\/uploads\/2019\/02\/byc-pcyc-rslyc-1000x246-300x74.png\" alt=\"\" width=\"337\" height=\"83\" srcset=\"https:\/\/slvyra.com\/wp-content\/uploads\/2019\/02\/byc-pcyc-rslyc-1000x246-300x74.png 300w, https:\/\/slvyra.com\/wp-content\/uploads\/2019\/02\/byc-pcyc-rslyc-1000x246-768x189.png 768w, https:\/\/slvyra.com\/wp-content\/uploads\/2019\/02\/byc-pcyc-rslyc-1000x246.png 1000w\" sizes=\"auto, (max-width: 337px) 100vw, 337px\" \/><\/p>\n<p>Les t\u00e2ches de RC sont partag\u00e9es entre le Yacht Club de Beaconsfield et le Yacht Club de Pointe-Claire. Les r\u00e9sultats de la course sont affich\u00e9s une fois compil\u00e9s par le volontaire qui a marqu\u00e9 dans chaque club. Les r\u00e9sultats sont disponibles via le bouton R\u00e9sultats.[\/vc_column_text][\/vc_column][\/mk_page_section][vc_row padding=\u00a0\u00bb0&Prime;][vc_column offset=\u00a0\u00bbvc_hidden-lg vc_hidden-md vc_hidden-sm vc_hidden-xs\u00a0\u00bb][mk_padding_divider size=\u00a0\u00bb10&Prime;][vc_column_text css=\u00a0\u00bb.vc_custom_1557423663194{margin-bottom: 0px !important;}\u00a0\u00bb]<a href=\"https:\/\/slvyra.com\/calendar\/gns-friday-fun\/\"><img loading=\"lazy\" decoding=\"async\" class=\"size-medium wp-image-7160 alignleft\" src=\"https:\/\/slvyra.com\/wp-content\/uploads\/2019\/05\/vendredi-400x99-300x74.png\" alt=\"\" width=\"300\" height=\"74\" srcset=\"https:\/\/slvyra.com\/wp-content\/uploads\/2019\/05\/vendredi-400x99-300x74.png 300w, https:\/\/slvyra.com\/wp-content\/uploads\/2019\/05\/vendredi-400x99.png 400w\" sizes=\"auto, (max-width: 300px) 100vw, 300px\" \/><\/a>Le format des courses du vendredi organis\u00e9es par le Royal St. Lawrence Yacht Club est con\u00e7u pour encourager les nouveaux participants \u00e0 rejoindre la flotte de course r\u00e9guli\u00e8re. Pour plus de d\u00e9tails, cliquez sur le bouton \u00e0 gauche ou visitez le site Web du <a href=\"https:\/\/rstlyc.qc.ca\/Friday-Fun-Races\" target=\"_blank\" rel=\"noopener noreferrer\">Royal St. Lawrence<\/a>.[\/vc_column_text][\/vc_column][\/vc_row]\n<\/div>","protected":false},"excerpt":{"rendered":"<p>[mk_page_section bg_image=\u00a0\u00bbhttps:\/\/slvyra.com\/wp-content\/uploads\/2019\/01\/imgp7419-x3.jpg\u00a0\u00bb bg_position=\u00a0\u00bbcenter center\u00a0\u00bb bg_repeat=\u00a0\u00bbno-repeat\u00a0\u00bb bg_stretch=\u00a0\u00bbtrue\u00a0\u00bb video_color_mask=\u00a0\u00bb#3a3a3a\u00a0\u00bb video_opacity=\u00a0\u00bb0.5&Prime; min_height=\u00a0\u00bb0&Prime; full_width=\u00a0\u00bbtrue\u00a0\u00bb padding_top=\u00a0\u00bb70&Prime; padding_bottom=\u00a0\u00bb0&Prime; first_page=\u00a0\u00bbfalse\u00a0\u00bb last_page=\u00a0\u00bbfalse\u00a0\u00bb sidebar=\u00a0\u00bbsidebar-1&Prime;][vc_column width=\u00a0\u00bb1\/6&Prime;][\/vc_column][vc_column width=\u00a0\u00bb5\/6&Prime;][mk_padding_divider size=\u00a0\u00bb70&Prime;][mk_fancy_title color=\u00a0\u00bb#30a0e7&Prime; size=\u00a0\u00bb50&Prime; txt_transform=\u00a0\u00bbnone\u00a0\u00bb margin_top=\u00a0\u00bb10&Prime; margin_bottom=\u00a0\u00bb10&Prime; font_family=\u00a0\u00bbMontserrat\u00a0\u00bb font_type=\u00a0\u00bbgoogle\u00a0\u00bb] Calendrier de la saison de course SDV [\/mk_fancy_title][\/vc_column][\/mk_page_section][vc_row padding=\u00a0\u00bb0&Prime;][vc_column][mk_padding_divider size=\u00a0\u00bb25&Prime;][mk_fancy_title size=\u00a0\u00bb25&Prime; font_weight=\u00a0\u00bbbold\u00a0\u00bb margin_bottom=\u00a0\u00bb5&Prime; font_family=\u00a0\u00bbnone\u00a0\u00bb]The SDV (S\u00e9rie Distance Voisin)[\/mk_fancy_title][mk_fancy_title size=\u00a0\u00bb20&Prime; font_weight=\u00a0\u00bb500&Prime; font_family=\u00a0\u00bbnone\u00a0\u00bb align=\u00a0\u00bbcenter\u00a0\u00bb]Avec les efforts combin\u00e9s de Pointe-Claire, Beaconsfield et les [&hellip;]<\/p>\n","protected":false},"author":9,"featured_media":0,"parent":6383,"menu_order":0,"comment_status":"open","ping_status":"open","template":"","meta":{"footnotes":""},"class_list":["post-7839","page","type-page","status-publish","hentry"],"yoast_head":"<!-- This site is optimized with the Yoast SEO plugin v27.2 - https:\/\/yoast.com\/product\/yoast-seo-wordpress\/ -->\n<title>S\u00e9rie Distance Voisin - St.Lawrence Valley Yacht Racing Association<\/title>\n<meta name=\"robots\" content=\"index, follow, max-snippet:-1, max-image-preview:large, max-video-preview:-1\" \/>\n<link rel=\"canonical\" href=\"https:\/\/slvyra.com\/fr\/calendar\/serie-distance-voisin\/\" \/>\n<meta property=\"og:locale\" content=\"fr_FR\" \/>\n<meta property=\"og:type\" content=\"article\" \/>\n<meta property=\"og:title\" content=\"S\u00e9rie Distance Voisin - St.Lawrence Valley Yacht Racing Association\" \/>\n<meta property=\"og:description\" content=\"[mk_page_section bg_image=\u00a0\u00bbhttps:\/\/slvyra.com\/wp-content\/uploads\/2019\/01\/imgp7419-x3.jpg\u00a0\u00bb bg_position=\u00a0\u00bbcenter center\u00a0\u00bb bg_repeat=\u00a0\u00bbno-repeat\u00a0\u00bb bg_stretch=\u00a0\u00bbtrue\u00a0\u00bb video_color_mask=\u00a0\u00bb#3a3a3a\u00a0\u00bb video_opacity=\u00a0\u00bb0.5&Prime; min_height=\u00a0\u00bb0&Prime; full_width=\u00a0\u00bbtrue\u00a0\u00bb padding_top=\u00a0\u00bb70&Prime; padding_bottom=\u00a0\u00bb0&Prime; first_page=\u00a0\u00bbfalse\u00a0\u00bb last_page=\u00a0\u00bbfalse\u00a0\u00bb sidebar=\u00a0\u00bbsidebar-1&Prime;][vc_column width=\u00a0\u00bb1\/6&Prime;][\/vc_column][vc_column width=\u00a0\u00bb5\/6&Prime;][mk_padding_divider size=\u00a0\u00bb70&Prime;][mk_fancy_title color=\u00a0\u00bb#30a0e7&Prime; size=\u00a0\u00bb50&Prime; txt_transform=\u00a0\u00bbnone\u00a0\u00bb margin_top=\u00a0\u00bb10&Prime; margin_bottom=\u00a0\u00bb10&Prime; font_family=\u00a0\u00bbMontserrat\u00a0\u00bb font_type=\u00a0\u00bbgoogle\u00a0\u00bb] Calendrier de la saison de course SDV [\/mk_fancy_title][\/vc_column][\/mk_page_section][vc_row padding=\u00a0\u00bb0&Prime;][vc_column][mk_padding_divider size=\u00a0\u00bb25&Prime;][mk_fancy_title size=\u00a0\u00bb25&Prime; font_weight=\u00a0\u00bbbold\u00a0\u00bb margin_bottom=\u00a0\u00bb5&Prime; font_family=\u00a0\u00bbnone\u00a0\u00bb]The SDV (S\u00e9rie Distance Voisin)[\/mk_fancy_title][mk_fancy_title size=\u00a0\u00bb20&Prime; font_weight=\u00a0\u00bb500&Prime; font_family=\u00a0\u00bbnone\u00a0\u00bb align=\u00a0\u00bbcenter\u00a0\u00bb]Avec les efforts combin\u00e9s de Pointe-Claire, Beaconsfield et les [&hellip;]\" \/>\n<meta property=\"og:url\" content=\"https:\/\/slvyra.com\/fr\/calendar\/serie-distance-voisin\/\" \/>\n<meta property=\"og:site_name\" content=\"St.Lawrence Valley Yacht Racing Association\" \/>\n<meta property=\"article:modified_time\" content=\"2020-08-28T19:21:01+00:00\" \/>\n<meta property=\"og:image\" content=\"https:\/\/slvyra.com\/wp-content\/uploads\/2019\/02\/byc-pcyc-rslyc-1000x246-300x74.png\" \/>\n<meta name=\"twitter:card\" content=\"summary_large_image\" \/>\n<meta name=\"twitter:label1\" content=\"Dur\u00e9e de lecture estim\u00e9e\" \/>\n\t<meta name=\"twitter:data1\" content=\"5 minutes\" \/>\n<script type=\"application\/ld+json\" class=\"yoast-schema-graph\">{\"@context\":\"https:\/\/schema.org\",\"@graph\":[{\"@type\":\"WebPage\",\"@id\":\"https:\/\/slvyra.com\/fr\/calendar\/serie-distance-voisin\/\",\"url\":\"https:\/\/slvyra.com\/fr\/calendar\/serie-distance-voisin\/\",\"name\":\"S\u00e9rie Distance Voisin - St.Lawrence Valley Yacht Racing Association\",\"isPartOf\":{\"@id\":\"https:\/\/slvyra.com\/fr\/#website\"},\"primaryImageOfPage\":{\"@id\":\"https:\/\/slvyra.com\/fr\/calendar\/serie-distance-voisin\/#primaryimage\"},\"image\":{\"@id\":\"https:\/\/slvyra.com\/fr\/calendar\/serie-distance-voisin\/#primaryimage\"},\"thumbnailUrl\":\"https:\/\/slvyra.com\/wp-content\/uploads\/2019\/02\/byc-pcyc-rslyc-1000x246-300x74.png\",\"datePublished\":\"2020-06-22T17:47:45+00:00\",\"dateModified\":\"2020-08-28T19:21:01+00:00\",\"breadcrumb\":{\"@id\":\"https:\/\/slvyra.com\/fr\/calendar\/serie-distance-voisin\/#breadcrumb\"},\"inLanguage\":\"fr-FR\",\"potentialAction\":[{\"@type\":\"ReadAction\",\"target\":[\"https:\/\/slvyra.com\/fr\/calendar\/serie-distance-voisin\/\"]}]},{\"@type\":\"ImageObject\",\"inLanguage\":\"fr-FR\",\"@id\":\"https:\/\/slvyra.com\/fr\/calendar\/serie-distance-voisin\/#primaryimage\",\"url\":\"https:\/\/slvyra.com\/wp-content\/uploads\/2019\/02\/byc-pcyc-rslyc-1000x246-300x74.png\",\"contentUrl\":\"https:\/\/slvyra.com\/wp-content\/uploads\/2019\/02\/byc-pcyc-rslyc-1000x246-300x74.png\"},{\"@type\":\"BreadcrumbList\",\"@id\":\"https:\/\/slvyra.com\/fr\/calendar\/serie-distance-voisin\/#breadcrumb\",\"itemListElement\":[{\"@type\":\"ListItem\",\"position\":1,\"name\":\"Home\",\"item\":\"https:\/\/slvyra.com\/fr\/\"},{\"@type\":\"ListItem\",\"position\":2,\"name\":\"Calendar\",\"item\":\"https:\/\/slvyra.com\/fr\/calendar\/\"},{\"@type\":\"ListItem\",\"position\":3,\"name\":\"S\u00e9rie Distance Voisin\"}]},{\"@type\":\"WebSite\",\"@id\":\"https:\/\/slvyra.com\/fr\/#website\",\"url\":\"https:\/\/slvyra.com\/fr\/\",\"name\":\"St.Lawrence Valley Yacht Racing Association\",\"description\":\"All things SLVYRA\",\"potentialAction\":[{\"@type\":\"SearchAction\",\"target\":{\"@type\":\"EntryPoint\",\"urlTemplate\":\"https:\/\/slvyra.com\/fr\/?s={search_term_string}\"},\"query-input\":{\"@type\":\"PropertyValueSpecification\",\"valueRequired\":true,\"valueName\":\"search_term_string\"}}],\"inLanguage\":\"fr-FR\"}]}<\/script>\n<!-- \/ Yoast SEO plugin. -->","yoast_head_json":{"title":"S\u00e9rie Distance Voisin - St.Lawrence Valley Yacht Racing Association","robots":{"index":"index","follow":"follow","max-snippet":"max-snippet:-1","max-image-preview":"max-image-preview:large","max-video-preview":"max-video-preview:-1"},"canonical":"https:\/\/slvyra.com\/fr\/calendar\/serie-distance-voisin\/","og_locale":"fr_FR","og_type":"article","og_title":"S\u00e9rie Distance Voisin - St.Lawrence Valley Yacht Racing Association","og_description":"[mk_page_section bg_image=\u00a0\u00bbhttps:\/\/slvyra.com\/wp-content\/uploads\/2019\/01\/imgp7419-x3.jpg\u00a0\u00bb bg_position=\u00a0\u00bbcenter center\u00a0\u00bb bg_repeat=\u00a0\u00bbno-repeat\u00a0\u00bb bg_stretch=\u00a0\u00bbtrue\u00a0\u00bb video_color_mask=\u00a0\u00bb#3a3a3a\u00a0\u00bb video_opacity=\u00a0\u00bb0.5&Prime; min_height=\u00a0\u00bb0&Prime; full_width=\u00a0\u00bbtrue\u00a0\u00bb padding_top=\u00a0\u00bb70&Prime; padding_bottom=\u00a0\u00bb0&Prime; first_page=\u00a0\u00bbfalse\u00a0\u00bb last_page=\u00a0\u00bbfalse\u00a0\u00bb sidebar=\u00a0\u00bbsidebar-1&Prime;][vc_column width=\u00a0\u00bb1\/6&Prime;][\/vc_column][vc_column width=\u00a0\u00bb5\/6&Prime;][mk_padding_divider size=\u00a0\u00bb70&Prime;][mk_fancy_title color=\u00a0\u00bb#30a0e7&Prime; size=\u00a0\u00bb50&Prime; txt_transform=\u00a0\u00bbnone\u00a0\u00bb margin_top=\u00a0\u00bb10&Prime; margin_bottom=\u00a0\u00bb10&Prime; font_family=\u00a0\u00bbMontserrat\u00a0\u00bb font_type=\u00a0\u00bbgoogle\u00a0\u00bb] Calendrier de la saison de course SDV [\/mk_fancy_title][\/vc_column][\/mk_page_section][vc_row padding=\u00a0\u00bb0&Prime;][vc_column][mk_padding_divider size=\u00a0\u00bb25&Prime;][mk_fancy_title size=\u00a0\u00bb25&Prime; font_weight=\u00a0\u00bbbold\u00a0\u00bb margin_bottom=\u00a0\u00bb5&Prime; font_family=\u00a0\u00bbnone\u00a0\u00bb]The SDV (S\u00e9rie Distance Voisin)[\/mk_fancy_title][mk_fancy_title size=\u00a0\u00bb20&Prime; font_weight=\u00a0\u00bb500&Prime; font_family=\u00a0\u00bbnone\u00a0\u00bb align=\u00a0\u00bbcenter\u00a0\u00bb]Avec les efforts combin\u00e9s de Pointe-Claire, Beaconsfield et les [&hellip;]","og_url":"https:\/\/slvyra.com\/fr\/calendar\/serie-distance-voisin\/","og_site_name":"St.Lawrence Valley Yacht Racing Association","article_modified_time":"2020-08-28T19:21:01+00:00","og_image":[{"url":"https:\/\/slvyra.com\/wp-content\/uploads\/2019\/02\/byc-pcyc-rslyc-1000x246-300x74.png","type":"","width":"","height":""}],"twitter_card":"summary_large_image","twitter_misc":{"Dur\u00e9e de lecture estim\u00e9e":"5 minutes"},"schema":{"@context":"https:\/\/schema.org","@graph":[{"@type":"WebPage","@id":"https:\/\/slvyra.com\/fr\/calendar\/serie-distance-voisin\/","url":"https:\/\/slvyra.com\/fr\/calendar\/serie-distance-voisin\/","name":"S\u00e9rie Distance Voisin - St.Lawrence Valley Yacht Racing Association","isPartOf":{"@id":"https:\/\/slvyra.com\/fr\/#website"},"primaryImageOfPage":{"@id":"https:\/\/slvyra.com\/fr\/calendar\/serie-distance-voisin\/#primaryimage"},"image":{"@id":"https:\/\/slvyra.com\/fr\/calendar\/serie-distance-voisin\/#primaryimage"},"thumbnailUrl":"https:\/\/slvyra.com\/wp-content\/uploads\/2019\/02\/byc-pcyc-rslyc-1000x246-300x74.png","datePublished":"2020-06-22T17:47:45+00:00","dateModified":"2020-08-28T19:21:01+00:00","breadcrumb":{"@id":"https:\/\/slvyra.com\/fr\/calendar\/serie-distance-voisin\/#breadcrumb"},"inLanguage":"fr-FR","potentialAction":[{"@type":"ReadAction","target":["https:\/\/slvyra.com\/fr\/calendar\/serie-distance-voisin\/"]}]},{"@type":"ImageObject","inLanguage":"fr-FR","@id":"https:\/\/slvyra.com\/fr\/calendar\/serie-distance-voisin\/#primaryimage","url":"https:\/\/slvyra.com\/wp-content\/uploads\/2019\/02\/byc-pcyc-rslyc-1000x246-300x74.png","contentUrl":"https:\/\/slvyra.com\/wp-content\/uploads\/2019\/02\/byc-pcyc-rslyc-1000x246-300x74.png"},{"@type":"BreadcrumbList","@id":"https:\/\/slvyra.com\/fr\/calendar\/serie-distance-voisin\/#breadcrumb","itemListElement":[{"@type":"ListItem","position":1,"name":"Home","item":"https:\/\/slvyra.com\/fr\/"},{"@type":"ListItem","position":2,"name":"Calendar","item":"https:\/\/slvyra.com\/fr\/calendar\/"},{"@type":"ListItem","position":3,"name":"S\u00e9rie Distance Voisin"}]},{"@type":"WebSite","@id":"https:\/\/slvyra.com\/fr\/#website","url":"https:\/\/slvyra.com\/fr\/","name":"St.Lawrence Valley Yacht Racing Association","description":"All things SLVYRA","potentialAction":[{"@type":"SearchAction","target":{"@type":"EntryPoint","urlTemplate":"https:\/\/slvyra.com\/fr\/?s={search_term_string}"},"query-input":{"@type":"PropertyValueSpecification","valueRequired":true,"valueName":"search_term_string"}}],"inLanguage":"fr-FR"}]}},"_links":{"self":[{"href":"https:\/\/slvyra.com\/fr\/wp-json\/wp\/v2\/pages\/7839","targetHints":{"allow":["GET"]}}],"collection":[{"href":"https:\/\/slvyra.com\/fr\/wp-json\/wp\/v2\/pages"}],"about":[{"href":"https:\/\/slvyra.com\/fr\/wp-json\/wp\/v2\/types\/page"}],"author":[{"embeddable":true,"href":"https:\/\/slvyra.com\/fr\/wp-json\/wp\/v2\/users\/9"}],"replies":[{"embeddable":true,"href":"https:\/\/slvyra.com\/fr\/wp-json\/wp\/v2\/comments?post=7839"}],"version-history":[{"count":24,"href":"https:\/\/slvyra.com\/fr\/wp-json\/wp\/v2\/pages\/7839\/revisions"}],"predecessor-version":[{"id":7969,"href":"https:\/\/slvyra.com\/fr\/wp-json\/wp\/v2\/pages\/7839\/revisions\/7969"}],"up":[{"embeddable":true,"href":"https:\/\/slvyra.com\/fr\/wp-json\/wp\/v2\/pages\/6383"}],"wp:attachment":[{"href":"https:\/\/slvyra.com\/fr\/wp-json\/wp\/v2\/media?parent=7839"}],"curies":[{"name":"wp","href":"https:\/\/api.w.org\/{rel}","templated":true}]}}