{"id":8200,"date":"2021-02-09T15:53:55","date_gmt":"2021-02-09T15:53:55","guid":{"rendered":"https:\/\/slvyra.com\/volunteer\/"},"modified":"2025-04-23T16:08:11","modified_gmt":"2025-04-23T16:08:11","slug":"benevole","status":"publish","type":"page","link":"https:\/\/slvyra.com\/fr\/benevole\/","title":{"rendered":"B\u00e9n\u00e9vole"},"content":{"rendered":"[mk_page_section vertical_align=\u00a0\u00bbcenter\u00a0\u00bb bg_image=\u00a0\u00bbhttps:\/\/slvyra.com\/wp-content\/uploads\/2020\/01\/fireball-1000&#215;350.png\u00a0\u00bb bg_position=\u00a0\u00bbcenter center\u00a0\u00bb bg_repeat=\u00a0\u00bbno-repeat\u00a0\u00bb bg_stretch=\u00a0\u00bbtrue\u00a0\u00bb adaptive_height=\u00a0\u00bbtrue\u00a0\u00bb max_height=\u00a0\u00bb300&Prime; full_width=\u00a0\u00bbtrue\u00a0\u00bb js_vertical_centered=\u00a0\u00bbtrue\u00a0\u00bb padding_top=\u00a0\u00bb0&Prime; padding_bottom=\u00a0\u00bb0&Prime; sidebar=\u00a0\u00bbsidebar-1&Prime;][vc_column][mk_fancy_title font_family=\u00a0\u00bbnone\u00a0\u00bb][\/mk_fancy_title][\/vc_column][\/mk_page_section][mk_page_section bg_position=\u00a0\u00bbcenter center\u00a0\u00bb bg_repeat=\u00a0\u00bbno-repeat\u00a0\u00bb padding_top=\u00a0\u00bb0&Prime; padding_bottom=\u00a0\u00bb0&Prime; sidebar=\u00a0\u00bbsidebar-1&Prime;][vc_column][mk_fancy_title size=\u00a0\u00bb35&Prime; margin_top=\u00a0\u00bb10&Prime; margin_bottom=\u00a0\u00bb5&Prime; font_family=\u00a0\u00bbnone\u00a0\u00bb]Appel \u00e0 volontaires[\/mk_fancy_title][mk_fancy_title size=\u00a0\u00bb20&Prime; margin_bottom=\u00a0\u00bb5&Prime; font_family=\u00a0\u00bbnone\u00a0\u00bb]SLVYRA joue de nombreux r\u00f4les dans le soutien de la course. Plus particuli\u00e8rement, nous g\u00e9rons la liste de handicap PHRF locale de tous les bateaux des clubs membres. Nous produisons \u00e9galement un tableau des marques de course fixes utilis\u00e9es dans de nombreuses courses, maintenons et attribuons des troph\u00e9es classiques, soutenons les jeunes naviguant gr\u00e2ce \u00e0 des bourses et coordonnons le calendrier des courses des clubs pour garantir que la saison est bien planifi\u00e9e pour une participation maximale. Toutes ces fonctions sont ensuite promues via notre site Web et nos plateformes de m\u00e9dias sociaux.<\/p>\n<p><img loading=\"lazy\" decoding=\"async\" class=\"size-medium wp-image-7486 alignleft\" src=\"https:\/\/slvyra.com\/wp-content\/uploads\/2019\/10\/we_can_do_it_v1-fr-400x464-259x300.png\" alt=\"\" width=\"259\" height=\"300\" srcset=\"https:\/\/slvyra.com\/wp-content\/uploads\/2019\/10\/we_can_do_it_v1-fr-400x464-259x300.png 259w, https:\/\/slvyra.com\/wp-content\/uploads\/2019\/10\/we_can_do_it_v1-fr-400x464.png 400w\" sizes=\"auto, (max-width: 259px) 100vw, 259px\" \/><\/p>\n<p>Depuis 1946, il y a eu un travail acharn\u00e9 et des personnes d\u00e9vou\u00e9es d\u00e9sireuses de donner un petit plus \u00e0 la communaut\u00e9 en si\u00e9geant au Comit\u00e9 ex\u00e9cutif de SLYVRA dans l&rsquo;un des r\u00f4les cl\u00e9s. Les portefeuilles actuels comprennent: pr\u00e9sident, pr\u00e9sident sortant, coordonnateur des adh\u00e9sions, tr\u00e9sorier, handicapper, planification, jeunesse, marques et bou\u00e9es, webmestre, troph\u00e9es et m\u00e9dias.<\/p>\n<p>Chacun de ces r\u00f4les n&rsquo;est pas trop lourd, mais tous, en travaillant ensemble, fournissent le service n\u00e9cessaire aux clubs membres de SLVYRA (et \u00e0 leurs membres) pour am\u00e9liorer notre exp\u00e9rience de course dans toute notre r\u00e9gion.<\/p>\n<p>Dans cette optique, nous sollicitons des b\u00e9n\u00e9voles qui souhaitent redonner un peu de temps \u00e0 notre communaut\u00e9.<\/p>\n<p>&nbsp;<\/p>\n<p><strong>Les postes \u00e0 pourvoir cette saison sont les suivants:<\/strong><\/p>\n<ul>\n<li>Secr\u00e9taire\u2026 tenir les proc\u00e8s-verbaux et mettre \u00e0 jour les calendriers<\/li>\n<\/ul>\n<p>Si vous \u00eates int\u00e9ress\u00e9 et souhaitez plus d&rsquo;informations sur SLVYRA, notre mission et comment vous pouvez faire partie d&rsquo;une grande histoire, veuillez contacter via la page Web Contactez-nous et entrez \u00abVolontaire\u00bb dans la ligne d&rsquo;objet.[\/mk_fancy_title][\/vc_column][\/mk_page_section]\n","protected":false},"excerpt":{"rendered":"<p>[mk_page_section vertical_align=\u00a0\u00bbcenter\u00a0\u00bb bg_image=\u00a0\u00bbhttps:\/\/slvyra.com\/wp-content\/uploads\/2020\/01\/fireball-1000&#215;350.png\u00a0\u00bb bg_position=\u00a0\u00bbcenter center\u00a0\u00bb bg_repeat=\u00a0\u00bbno-repeat\u00a0\u00bb bg_stretch=\u00a0\u00bbtrue\u00a0\u00bb adaptive_height=\u00a0\u00bbtrue\u00a0\u00bb max_height=\u00a0\u00bb300&Prime; full_width=\u00a0\u00bbtrue\u00a0\u00bb js_vertical_centered=\u00a0\u00bbtrue\u00a0\u00bb padding_top=\u00a0\u00bb0&Prime; padding_bottom=\u00a0\u00bb0&Prime; sidebar=\u00a0\u00bbsidebar-1&Prime;][vc_column][mk_fancy_title font_family=\u00a0\u00bbnone\u00a0\u00bb][\/mk_fancy_title][\/vc_column][\/mk_page_section][mk_page_section bg_position=\u00a0\u00bbcenter center\u00a0\u00bb bg_repeat=\u00a0\u00bbno-repeat\u00a0\u00bb padding_top=\u00a0\u00bb0&Prime; padding_bottom=\u00a0\u00bb0&Prime; sidebar=\u00a0\u00bbsidebar-1&Prime;][vc_column][mk_fancy_title size=\u00a0\u00bb35&Prime; margin_top=\u00a0\u00bb10&Prime; margin_bottom=\u00a0\u00bb5&Prime; font_family=\u00a0\u00bbnone\u00a0\u00bb]Appel \u00e0 volontaires[\/mk_fancy_title][mk_fancy_title size=\u00a0\u00bb20&Prime; margin_bottom=\u00a0\u00bb5&Prime; font_family=\u00a0\u00bbnone\u00a0\u00bb]SLVYRA joue de nombreux r\u00f4les dans le soutien de la course. Plus particuli\u00e8rement, nous g\u00e9rons la liste de handicap PHRF locale de tous les bateaux des [&hellip;]<\/p>\n","protected":false},"author":9,"featured_media":0,"parent":0,"menu_order":0,"comment_status":"closed","ping_status":"closed","template":"","meta":{"footnotes":""},"class_list":["post-8200","page","type-page","status-publish","hentry"],"yoast_head":"<!-- This site is optimized with the Yoast SEO plugin v27.2 - https:\/\/yoast.com\/product\/yoast-seo-wordpress\/ -->\n<title>B\u00e9n\u00e9vole - St.Lawrence Valley Yacht Racing Association<\/title>\n<meta name=\"robots\" content=\"index, follow, max-snippet:-1, max-image-preview:large, max-video-preview:-1\" \/>\n<link rel=\"canonical\" href=\"https:\/\/slvyra.com\/fr\/benevole\/\" \/>\n<meta property=\"og:locale\" content=\"fr_FR\" \/>\n<meta property=\"og:type\" content=\"article\" \/>\n<meta property=\"og:title\" content=\"B\u00e9n\u00e9vole - St.Lawrence Valley Yacht Racing Association\" \/>\n<meta property=\"og:description\" content=\"[mk_page_section vertical_align=\u00a0\u00bbcenter\u00a0\u00bb bg_image=\u00a0\u00bbhttps:\/\/slvyra.com\/wp-content\/uploads\/2020\/01\/fireball-1000&#215;350.png\u00a0\u00bb bg_position=\u00a0\u00bbcenter center\u00a0\u00bb bg_repeat=\u00a0\u00bbno-repeat\u00a0\u00bb bg_stretch=\u00a0\u00bbtrue\u00a0\u00bb adaptive_height=\u00a0\u00bbtrue\u00a0\u00bb max_height=\u00a0\u00bb300&Prime; full_width=\u00a0\u00bbtrue\u00a0\u00bb js_vertical_centered=\u00a0\u00bbtrue\u00a0\u00bb padding_top=\u00a0\u00bb0&Prime; padding_bottom=\u00a0\u00bb0&Prime; sidebar=\u00a0\u00bbsidebar-1&Prime;][vc_column][mk_fancy_title font_family=\u00a0\u00bbnone\u00a0\u00bb][\/mk_fancy_title][\/vc_column][\/mk_page_section][mk_page_section bg_position=\u00a0\u00bbcenter center\u00a0\u00bb bg_repeat=\u00a0\u00bbno-repeat\u00a0\u00bb padding_top=\u00a0\u00bb0&Prime; padding_bottom=\u00a0\u00bb0&Prime; sidebar=\u00a0\u00bbsidebar-1&Prime;][vc_column][mk_fancy_title size=\u00a0\u00bb35&Prime; margin_top=\u00a0\u00bb10&Prime; margin_bottom=\u00a0\u00bb5&Prime; font_family=\u00a0\u00bbnone\u00a0\u00bb]Appel \u00e0 volontaires[\/mk_fancy_title][mk_fancy_title size=\u00a0\u00bb20&Prime; margin_bottom=\u00a0\u00bb5&Prime; font_family=\u00a0\u00bbnone\u00a0\u00bb]SLVYRA joue de nombreux r\u00f4les dans le soutien de la course. Plus particuli\u00e8rement, nous g\u00e9rons la liste de handicap PHRF locale de tous les bateaux des [&hellip;]\" \/>\n<meta property=\"og:url\" content=\"https:\/\/slvyra.com\/fr\/benevole\/\" \/>\n<meta property=\"og:site_name\" content=\"St.Lawrence Valley Yacht Racing Association\" \/>\n<meta property=\"article:modified_time\" content=\"2025-04-23T16:08:11+00:00\" \/>\n<meta property=\"og:image\" content=\"https:\/\/slvyra.com\/wp-content\/uploads\/2019\/10\/we_can_do_it_v1-fr-400x464.png\" \/>\n\t<meta property=\"og:image:width\" content=\"400\" \/>\n\t<meta property=\"og:image:height\" content=\"464\" \/>\n\t<meta property=\"og:image:type\" content=\"image\/png\" \/>\n<meta name=\"twitter:card\" content=\"summary_large_image\" \/>\n<meta name=\"twitter:label1\" content=\"Dur\u00e9e de lecture estim\u00e9e\" \/>\n\t<meta name=\"twitter:data1\" content=\"2 minutes\" \/>\n<script type=\"application\/ld+json\" class=\"yoast-schema-graph\">{\"@context\":\"https:\/\/schema.org\",\"@graph\":[{\"@type\":\"WebPage\",\"@id\":\"https:\/\/slvyra.com\/fr\/benevole\/\",\"url\":\"https:\/\/slvyra.com\/fr\/benevole\/\",\"name\":\"B\u00e9n\u00e9vole - St.Lawrence Valley Yacht Racing Association\",\"isPartOf\":{\"@id\":\"https:\/\/slvyra.com\/fr\/#website\"},\"primaryImageOfPage\":{\"@id\":\"https:\/\/slvyra.com\/fr\/benevole\/#primaryimage\"},\"image\":{\"@id\":\"https:\/\/slvyra.com\/fr\/benevole\/#primaryimage\"},\"thumbnailUrl\":\"https:\/\/slvyra.com\/wp-content\/uploads\/2019\/10\/we_can_do_it_v1-fr-400x464-259x300.png\",\"datePublished\":\"2021-02-09T15:53:55+00:00\",\"dateModified\":\"2025-04-23T16:08:11+00:00\",\"breadcrumb\":{\"@id\":\"https:\/\/slvyra.com\/fr\/benevole\/#breadcrumb\"},\"inLanguage\":\"fr-FR\",\"potentialAction\":[{\"@type\":\"ReadAction\",\"target\":[\"https:\/\/slvyra.com\/fr\/benevole\/\"]}]},{\"@type\":\"ImageObject\",\"inLanguage\":\"fr-FR\",\"@id\":\"https:\/\/slvyra.com\/fr\/benevole\/#primaryimage\",\"url\":\"https:\/\/slvyra.com\/wp-content\/uploads\/2019\/10\/we_can_do_it_v1-fr-400x464-259x300.png\",\"contentUrl\":\"https:\/\/slvyra.com\/wp-content\/uploads\/2019\/10\/we_can_do_it_v1-fr-400x464-259x300.png\"},{\"@type\":\"BreadcrumbList\",\"@id\":\"https:\/\/slvyra.com\/fr\/benevole\/#breadcrumb\",\"itemListElement\":[{\"@type\":\"ListItem\",\"position\":1,\"name\":\"Home\",\"item\":\"https:\/\/slvyra.com\/fr\/\"},{\"@type\":\"ListItem\",\"position\":2,\"name\":\"B\u00e9n\u00e9vole\"}]},{\"@type\":\"WebSite\",\"@id\":\"https:\/\/slvyra.com\/fr\/#website\",\"url\":\"https:\/\/slvyra.com\/fr\/\",\"name\":\"St.Lawrence Valley Yacht Racing Association\",\"description\":\"All things SLVYRA\",\"potentialAction\":[{\"@type\":\"SearchAction\",\"target\":{\"@type\":\"EntryPoint\",\"urlTemplate\":\"https:\/\/slvyra.com\/fr\/?s={search_term_string}\"},\"query-input\":{\"@type\":\"PropertyValueSpecification\",\"valueRequired\":true,\"valueName\":\"search_term_string\"}}],\"inLanguage\":\"fr-FR\"}]}<\/script>\n<!-- \/ Yoast SEO plugin. -->","yoast_head_json":{"title":"B\u00e9n\u00e9vole - St.Lawrence Valley Yacht Racing Association","robots":{"index":"index","follow":"follow","max-snippet":"max-snippet:-1","max-image-preview":"max-image-preview:large","max-video-preview":"max-video-preview:-1"},"canonical":"https:\/\/slvyra.com\/fr\/benevole\/","og_locale":"fr_FR","og_type":"article","og_title":"B\u00e9n\u00e9vole - St.Lawrence Valley Yacht Racing Association","og_description":"[mk_page_section vertical_align=\u00a0\u00bbcenter\u00a0\u00bb bg_image=\u00a0\u00bbhttps:\/\/slvyra.com\/wp-content\/uploads\/2020\/01\/fireball-1000&#215;350.png\u00a0\u00bb bg_position=\u00a0\u00bbcenter center\u00a0\u00bb bg_repeat=\u00a0\u00bbno-repeat\u00a0\u00bb bg_stretch=\u00a0\u00bbtrue\u00a0\u00bb adaptive_height=\u00a0\u00bbtrue\u00a0\u00bb max_height=\u00a0\u00bb300&Prime; full_width=\u00a0\u00bbtrue\u00a0\u00bb js_vertical_centered=\u00a0\u00bbtrue\u00a0\u00bb padding_top=\u00a0\u00bb0&Prime; padding_bottom=\u00a0\u00bb0&Prime; sidebar=\u00a0\u00bbsidebar-1&Prime;][vc_column][mk_fancy_title font_family=\u00a0\u00bbnone\u00a0\u00bb][\/mk_fancy_title][\/vc_column][\/mk_page_section][mk_page_section bg_position=\u00a0\u00bbcenter center\u00a0\u00bb bg_repeat=\u00a0\u00bbno-repeat\u00a0\u00bb padding_top=\u00a0\u00bb0&Prime; padding_bottom=\u00a0\u00bb0&Prime; sidebar=\u00a0\u00bbsidebar-1&Prime;][vc_column][mk_fancy_title size=\u00a0\u00bb35&Prime; margin_top=\u00a0\u00bb10&Prime; margin_bottom=\u00a0\u00bb5&Prime; font_family=\u00a0\u00bbnone\u00a0\u00bb]Appel \u00e0 volontaires[\/mk_fancy_title][mk_fancy_title size=\u00a0\u00bb20&Prime; margin_bottom=\u00a0\u00bb5&Prime; font_family=\u00a0\u00bbnone\u00a0\u00bb]SLVYRA joue de nombreux r\u00f4les dans le soutien de la course. Plus particuli\u00e8rement, nous g\u00e9rons la liste de handicap PHRF locale de tous les bateaux des [&hellip;]","og_url":"https:\/\/slvyra.com\/fr\/benevole\/","og_site_name":"St.Lawrence Valley Yacht Racing Association","article_modified_time":"2025-04-23T16:08:11+00:00","og_image":[{"width":400,"height":464,"url":"https:\/\/slvyra.com\/wp-content\/uploads\/2019\/10\/we_can_do_it_v1-fr-400x464.png","type":"image\/png"}],"twitter_card":"summary_large_image","twitter_misc":{"Dur\u00e9e de lecture estim\u00e9e":"2 minutes"},"schema":{"@context":"https:\/\/schema.org","@graph":[{"@type":"WebPage","@id":"https:\/\/slvyra.com\/fr\/benevole\/","url":"https:\/\/slvyra.com\/fr\/benevole\/","name":"B\u00e9n\u00e9vole - St.Lawrence Valley Yacht Racing Association","isPartOf":{"@id":"https:\/\/slvyra.com\/fr\/#website"},"primaryImageOfPage":{"@id":"https:\/\/slvyra.com\/fr\/benevole\/#primaryimage"},"image":{"@id":"https:\/\/slvyra.com\/fr\/benevole\/#primaryimage"},"thumbnailUrl":"https:\/\/slvyra.com\/wp-content\/uploads\/2019\/10\/we_can_do_it_v1-fr-400x464-259x300.png","datePublished":"2021-02-09T15:53:55+00:00","dateModified":"2025-04-23T16:08:11+00:00","breadcrumb":{"@id":"https:\/\/slvyra.com\/fr\/benevole\/#breadcrumb"},"inLanguage":"fr-FR","potentialAction":[{"@type":"ReadAction","target":["https:\/\/slvyra.com\/fr\/benevole\/"]}]},{"@type":"ImageObject","inLanguage":"fr-FR","@id":"https:\/\/slvyra.com\/fr\/benevole\/#primaryimage","url":"https:\/\/slvyra.com\/wp-content\/uploads\/2019\/10\/we_can_do_it_v1-fr-400x464-259x300.png","contentUrl":"https:\/\/slvyra.com\/wp-content\/uploads\/2019\/10\/we_can_do_it_v1-fr-400x464-259x300.png"},{"@type":"BreadcrumbList","@id":"https:\/\/slvyra.com\/fr\/benevole\/#breadcrumb","itemListElement":[{"@type":"ListItem","position":1,"name":"Home","item":"https:\/\/slvyra.com\/fr\/"},{"@type":"ListItem","position":2,"name":"B\u00e9n\u00e9vole"}]},{"@type":"WebSite","@id":"https:\/\/slvyra.com\/fr\/#website","url":"https:\/\/slvyra.com\/fr\/","name":"St.Lawrence Valley Yacht Racing Association","description":"All things SLVYRA","potentialAction":[{"@type":"SearchAction","target":{"@type":"EntryPoint","urlTemplate":"https:\/\/slvyra.com\/fr\/?s={search_term_string}"},"query-input":{"@type":"PropertyValueSpecification","valueRequired":true,"valueName":"search_term_string"}}],"inLanguage":"fr-FR"}]}},"_links":{"self":[{"href":"https:\/\/slvyra.com\/fr\/wp-json\/wp\/v2\/pages\/8200","targetHints":{"allow":["GET"]}}],"collection":[{"href":"https:\/\/slvyra.com\/fr\/wp-json\/wp\/v2\/pages"}],"about":[{"href":"https:\/\/slvyra.com\/fr\/wp-json\/wp\/v2\/types\/page"}],"author":[{"embeddable":true,"href":"https:\/\/slvyra.com\/fr\/wp-json\/wp\/v2\/users\/9"}],"replies":[{"embeddable":true,"href":"https:\/\/slvyra.com\/fr\/wp-json\/wp\/v2\/comments?post=8200"}],"version-history":[{"count":16,"href":"https:\/\/slvyra.com\/fr\/wp-json\/wp\/v2\/pages\/8200\/revisions"}],"predecessor-version":[{"id":9208,"href":"https:\/\/slvyra.com\/fr\/wp-json\/wp\/v2\/pages\/8200\/revisions\/9208"}],"wp:attachment":[{"href":"https:\/\/slvyra.com\/fr\/wp-json\/wp\/v2\/media?parent=8200"}],"curies":[{"name":"wp","href":"https:\/\/api.w.org\/{rel}","templated":true}]}}