{"id":8293,"date":"2019-01-29T20:28:13","date_gmt":"2019-01-29T20:28:13","guid":{"rendered":"https:\/\/slvyra.com\/handicaps\/current-handicaps\/"},"modified":"2021-03-01T15:56:14","modified_gmt":"2021-03-01T15:56:14","slug":"current-handicaps","status":"publish","type":"page","link":"https:\/\/slvyra.com\/fr\/handicaps\/current-handicaps\/","title":{"rendered":"Current Handicaps"},"content":{"rendered":"<div class=\"wpb-content-wrapper\">[mk_page_section bg_image=\u00a0\u00bbhttps:\/\/slvyra.com\/wp-content\/uploads\/2019\/01\/scan.jpg\u00a0\u00bb bg_position=\u00a0\u00bbcenter center\u00a0\u00bb bg_repeat=\u00a0\u00bbno-repeat\u00a0\u00bb bg_stretch=\u00a0\u00bbtrue\u00a0\u00bb video_color_mask=\u00a0\u00bb#000000&Prime; min_height=\u00a0\u00bb0&Prime; full_width=\u00a0\u00bbtrue\u00a0\u00bb padding_top=\u00a0\u00bb70&Prime; padding_bottom=\u00a0\u00bb0&Prime; first_page=\u00a0\u00bbfalse\u00a0\u00bb last_page=\u00a0\u00bbfalse\u00a0\u00bb sidebar=\u00a0\u00bbsidebar-1&Prime;][vc_column width=\u00a0\u00bb1\/6&Prime;][\/vc_column][vc_column width=\u00a0\u00bb5\/6&Prime;][mk_padding_divider size=\u00a0\u00bb70&Prime;][mk_fancy_title color=\u00a0\u00bb#30a0e7&Prime; size=\u00a0\u00bb50&Prime; txt_transform=\u00a0\u00bbnone\u00a0\u00bb margin_top=\u00a0\u00bb5&Prime; margin_bottom=\u00a0\u00bb5&Prime; font_family=\u00a0\u00bbMontserrat\u00a0\u00bb font_type=\u00a0\u00bbgoogle\u00a0\u00bb]\n<div style=\"font-size: 25px; color: white; font-weight: normal;\">Listes de handicaps SLVYRA PHRF valides<\/div>\n[\/mk_fancy_title][\/vc_column][\/mk_page_section][vc_row padding=\u00a0\u00bb0&Prime;][vc_column width=\u00a0\u00bb1\/12&Prime;][\/vc_column][vc_column width=\u00a0\u00bb5\/6&Prime;][mk_fancy_title color=\u00a0\u00bb#222222&Prime; size=\u00a0\u00bb35&Prime; font_weight=\u00a0\u00bb300&Prime; txt_transform=\u00a0\u00bbcapitalize\u00a0\u00bb letter_spacing=\u00a0\u00bb1&Prime; margin_top=\u00a0\u00bb20&Prime; margin_bottom=\u00a0\u00bb0&Prime; font_family=\u00a0\u00bbMontserrat\u00a0\u00bb font_type=\u00a0\u00bbgoogle\u00a0\u00bb align=\u00a0\u00bbcenter\u00a0\u00bb]2021 Bateaux pour handicap\u00e9s<\/p>\n[\/mk_fancy_title][vc_column_text disable_pattern=\u00a0\u00bbfalse\u00a0\u00bb align=\u00a0\u00bbcenter\u00a0\u00bb css=\u00a0\u00bb.vc_custom_1614614167012{margin-bottom: 0px !important;}\u00a0\u00bb]\n<div style=\"color: #808080; font-size: 14px;\">\n<p>Cette liste est tenue par les handicap\u00e9s des diff\u00e9rents Clubs membres.<\/p>\n<p>Vous devez contacter l&rsquo;handicapeur de votre club. Tous les <strong><a href=\"https:\/\/slvyra.com\/fr\/a-propos\/clubs-membres\/\">Clubs affili\u00e9s \u00e0 la SLVYRA<\/a><\/strong> sont repr\u00e9sent\u00e9s au Comit\u00e9 r\u00e9gional des Handicap\u00e9s. La liste des handicap\u00e9s de la SLVYRA appara\u00eet ci-dessous.<\/p>\n<p>Pour \u00e9tablir votre handicap PHRF, l&rsquo;handicapeur de votre club aura besoin de quelques informations sur l&rsquo;\u00e9quipement de votre bateau. Cliquez sur le bouton ci-dessous pour commencer le processus.<\/p>\n<\/div>\n[\/vc_column_text][mk_padding_divider size=\u00a0\u00bb10&Prime;][mk_button dimension=\u00a0\u00bbflat\u00a0\u00bb corner_style=\u00a0\u00bbrounded\u00a0\u00bb size=\u00a0\u00bbmedium\u00a0\u00bb url=\u00a0\u00bbhttps:\/\/slvyra.com\/handicaps\/request-a-handicap\/\u00a0\u00bb align=\u00a0\u00bbcenter\u00a0\u00bb bg_color=\u00a0\u00bb#1e73be\u00a0\u00bb btn_hover_bg=\u00a0\u00bb#81d742&Prime; btn_hover_txt_color=\u00a0\u00bb#000000&Prime;]Demander un handicap[\/mk_button][mk_padding_divider size=\u00a0\u00bb20&Prime;][vc_column_text css=\u00a0\u00bb.vc_custom_1614610618983{margin-bottom: 0px !important;}\u00a0\u00bb]<iframe loading=\"lazy\" src=\"https:\/\/docs.google.com\/spreadsheets\/d\/e\/2PACX-1vSIpca7cwmjd5RzA3OZfaahNGv__VRvS0pFWTYtZPlzQS7lkAePZ4YGYirYEcAXPrION1Y6fZw3aR19\/pubhtml?gid=774494433&amp;single=true&amp;widget=true&amp;headers=false\" width=\"1000\" height=\"1000\" align=\"&quot;center\"><\/iframe>[\/vc_column_text][\/vc_column][vc_column width=\u00a0\u00bb1\/12&Prime;][\/vc_column][\/vc_row][vc_row][vc_column][mk_padding_divider size=\u00a0\u00bb20&Prime;][\/vc_column][\/vc_row]\n<\/div>","protected":false},"excerpt":{"rendered":"<p>[mk_page_section bg_image=\u00a0\u00bbhttps:\/\/slvyra.com\/wp-content\/uploads\/2019\/01\/scan.jpg\u00a0\u00bb bg_position=\u00a0\u00bbcenter center\u00a0\u00bb bg_repeat=\u00a0\u00bbno-repeat\u00a0\u00bb bg_stretch=\u00a0\u00bbtrue\u00a0\u00bb video_color_mask=\u00a0\u00bb#000000&Prime; min_height=\u00a0\u00bb0&Prime; full_width=\u00a0\u00bbtrue\u00a0\u00bb padding_top=\u00a0\u00bb70&Prime; padding_bottom=\u00a0\u00bb0&Prime; first_page=\u00a0\u00bbfalse\u00a0\u00bb last_page=\u00a0\u00bbfalse\u00a0\u00bb sidebar=\u00a0\u00bbsidebar-1&Prime;][vc_column width=\u00a0\u00bb1\/6&Prime;][\/vc_column][vc_column width=\u00a0\u00bb5\/6&Prime;][mk_padding_divider size=\u00a0\u00bb70&Prime;][mk_fancy_title color=\u00a0\u00bb#30a0e7&Prime; size=\u00a0\u00bb50&Prime; txt_transform=\u00a0\u00bbnone\u00a0\u00bb margin_top=\u00a0\u00bb5&Prime; margin_bottom=\u00a0\u00bb5&Prime; font_family=\u00a0\u00bbMontserrat\u00a0\u00bb font_type=\u00a0\u00bbgoogle\u00a0\u00bb] Listes de handicaps SLVYRA PHRF valides [\/mk_fancy_title][\/vc_column][\/mk_page_section][vc_row padding=\u00a0\u00bb0&Prime;][vc_column width=\u00a0\u00bb1\/12&Prime;][\/vc_column][vc_column width=\u00a0\u00bb5\/6&Prime;][mk_fancy_title color=\u00a0\u00bb#222222&Prime; size=\u00a0\u00bb35&Prime; font_weight=\u00a0\u00bb300&Prime; txt_transform=\u00a0\u00bbcapitalize\u00a0\u00bb letter_spacing=\u00a0\u00bb1&Prime; margin_top=\u00a0\u00bb20&Prime; margin_bottom=\u00a0\u00bb0&Prime; font_family=\u00a0\u00bbMontserrat\u00a0\u00bb font_type=\u00a0\u00bbgoogle\u00a0\u00bb align=\u00a0\u00bbcenter\u00a0\u00bb]2021 Bateaux pour handicap\u00e9s [\/mk_fancy_title][vc_column_text disable_pattern=\u00a0\u00bbfalse\u00a0\u00bb align=\u00a0\u00bbcenter\u00a0\u00bb css=\u00a0\u00bb.vc_custom_1614614167012{margin-bottom: 0px !important;}\u00a0\u00bb] Cette liste [&hellip;]<\/p>\n","protected":false},"author":6,"featured_media":0,"parent":6387,"menu_order":0,"comment_status":"open","ping_status":"open","template":"","meta":{"footnotes":""},"class_list":["post-8293","page","type-page","status-publish","hentry"],"yoast_head":"<!-- This site is optimized with the Yoast SEO plugin v27.2 - https:\/\/yoast.com\/product\/yoast-seo-wordpress\/ -->\n<title>Current Handicaps - St.Lawrence Valley Yacht Racing Association<\/title>\n<meta name=\"robots\" content=\"index, follow, max-snippet:-1, max-image-preview:large, max-video-preview:-1\" \/>\n<link rel=\"canonical\" href=\"https:\/\/slvyra.com\/fr\/handicaps\/current-handicaps\/\" \/>\n<meta property=\"og:locale\" content=\"fr_FR\" \/>\n<meta property=\"og:type\" content=\"article\" \/>\n<meta property=\"og:title\" content=\"Current Handicaps - St.Lawrence Valley Yacht Racing Association\" \/>\n<meta property=\"og:description\" content=\"[mk_page_section bg_image=\u00a0\u00bbhttps:\/\/slvyra.com\/wp-content\/uploads\/2019\/01\/scan.jpg\u00a0\u00bb bg_position=\u00a0\u00bbcenter center\u00a0\u00bb bg_repeat=\u00a0\u00bbno-repeat\u00a0\u00bb bg_stretch=\u00a0\u00bbtrue\u00a0\u00bb video_color_mask=\u00a0\u00bb#000000&Prime; min_height=\u00a0\u00bb0&Prime; full_width=\u00a0\u00bbtrue\u00a0\u00bb padding_top=\u00a0\u00bb70&Prime; padding_bottom=\u00a0\u00bb0&Prime; first_page=\u00a0\u00bbfalse\u00a0\u00bb last_page=\u00a0\u00bbfalse\u00a0\u00bb sidebar=\u00a0\u00bbsidebar-1&Prime;][vc_column width=\u00a0\u00bb1\/6&Prime;][\/vc_column][vc_column width=\u00a0\u00bb5\/6&Prime;][mk_padding_divider size=\u00a0\u00bb70&Prime;][mk_fancy_title color=\u00a0\u00bb#30a0e7&Prime; size=\u00a0\u00bb50&Prime; txt_transform=\u00a0\u00bbnone\u00a0\u00bb margin_top=\u00a0\u00bb5&Prime; margin_bottom=\u00a0\u00bb5&Prime; font_family=\u00a0\u00bbMontserrat\u00a0\u00bb font_type=\u00a0\u00bbgoogle\u00a0\u00bb] Listes de handicaps SLVYRA PHRF valides [\/mk_fancy_title][\/vc_column][\/mk_page_section][vc_row padding=\u00a0\u00bb0&Prime;][vc_column width=\u00a0\u00bb1\/12&Prime;][\/vc_column][vc_column width=\u00a0\u00bb5\/6&Prime;][mk_fancy_title color=\u00a0\u00bb#222222&Prime; size=\u00a0\u00bb35&Prime; font_weight=\u00a0\u00bb300&Prime; txt_transform=\u00a0\u00bbcapitalize\u00a0\u00bb letter_spacing=\u00a0\u00bb1&Prime; margin_top=\u00a0\u00bb20&Prime; margin_bottom=\u00a0\u00bb0&Prime; font_family=\u00a0\u00bbMontserrat\u00a0\u00bb font_type=\u00a0\u00bbgoogle\u00a0\u00bb align=\u00a0\u00bbcenter\u00a0\u00bb]2021 Bateaux pour handicap\u00e9s [\/mk_fancy_title][vc_column_text disable_pattern=\u00a0\u00bbfalse\u00a0\u00bb align=\u00a0\u00bbcenter\u00a0\u00bb css=\u00a0\u00bb.vc_custom_1614614167012{margin-bottom: 0px !important;}\u00a0\u00bb] Cette liste [&hellip;]\" \/>\n<meta property=\"og:url\" content=\"https:\/\/slvyra.com\/fr\/handicaps\/current-handicaps\/\" \/>\n<meta property=\"og:site_name\" content=\"St.Lawrence Valley Yacht Racing Association\" \/>\n<meta property=\"article:modified_time\" content=\"2021-03-01T15:56:14+00:00\" \/>\n<meta name=\"twitter:card\" content=\"summary_large_image\" \/>\n<meta name=\"twitter:label1\" content=\"Dur\u00e9e de lecture estim\u00e9e\" \/>\n\t<meta name=\"twitter:data1\" content=\"1 minute\" \/>\n<script type=\"application\/ld+json\" class=\"yoast-schema-graph\">{\"@context\":\"https:\/\/schema.org\",\"@graph\":[{\"@type\":\"WebPage\",\"@id\":\"https:\/\/slvyra.com\/fr\/handicaps\/current-handicaps\/\",\"url\":\"https:\/\/slvyra.com\/fr\/handicaps\/current-handicaps\/\",\"name\":\"Current Handicaps - St.Lawrence Valley Yacht Racing Association\",\"isPartOf\":{\"@id\":\"https:\/\/slvyra.com\/fr\/#website\"},\"datePublished\":\"2019-01-29T20:28:13+00:00\",\"dateModified\":\"2021-03-01T15:56:14+00:00\",\"breadcrumb\":{\"@id\":\"https:\/\/slvyra.com\/fr\/handicaps\/current-handicaps\/#breadcrumb\"},\"inLanguage\":\"fr-FR\",\"potentialAction\":[{\"@type\":\"ReadAction\",\"target\":[\"https:\/\/slvyra.com\/fr\/handicaps\/current-handicaps\/\"]}]},{\"@type\":\"BreadcrumbList\",\"@id\":\"https:\/\/slvyra.com\/fr\/handicaps\/current-handicaps\/#breadcrumb\",\"itemListElement\":[{\"@type\":\"ListItem\",\"position\":1,\"name\":\"Home\",\"item\":\"https:\/\/slvyra.com\/fr\/\"},{\"@type\":\"ListItem\",\"position\":2,\"name\":\"Handicaps\",\"item\":\"https:\/\/slvyra.com\/fr\/handicaps\/\"},{\"@type\":\"ListItem\",\"position\":3,\"name\":\"Current Handicaps\"}]},{\"@type\":\"WebSite\",\"@id\":\"https:\/\/slvyra.com\/fr\/#website\",\"url\":\"https:\/\/slvyra.com\/fr\/\",\"name\":\"St.Lawrence Valley Yacht Racing Association\",\"description\":\"All things SLVYRA\",\"potentialAction\":[{\"@type\":\"SearchAction\",\"target\":{\"@type\":\"EntryPoint\",\"urlTemplate\":\"https:\/\/slvyra.com\/fr\/?s={search_term_string}\"},\"query-input\":{\"@type\":\"PropertyValueSpecification\",\"valueRequired\":true,\"valueName\":\"search_term_string\"}}],\"inLanguage\":\"fr-FR\"}]}<\/script>\n<!-- \/ Yoast SEO plugin. -->","yoast_head_json":{"title":"Current Handicaps - St.Lawrence Valley Yacht Racing Association","robots":{"index":"index","follow":"follow","max-snippet":"max-snippet:-1","max-image-preview":"max-image-preview:large","max-video-preview":"max-video-preview:-1"},"canonical":"https:\/\/slvyra.com\/fr\/handicaps\/current-handicaps\/","og_locale":"fr_FR","og_type":"article","og_title":"Current Handicaps - St.Lawrence Valley Yacht Racing Association","og_description":"[mk_page_section bg_image=\u00a0\u00bbhttps:\/\/slvyra.com\/wp-content\/uploads\/2019\/01\/scan.jpg\u00a0\u00bb bg_position=\u00a0\u00bbcenter center\u00a0\u00bb bg_repeat=\u00a0\u00bbno-repeat\u00a0\u00bb bg_stretch=\u00a0\u00bbtrue\u00a0\u00bb video_color_mask=\u00a0\u00bb#000000&Prime; min_height=\u00a0\u00bb0&Prime; full_width=\u00a0\u00bbtrue\u00a0\u00bb padding_top=\u00a0\u00bb70&Prime; padding_bottom=\u00a0\u00bb0&Prime; first_page=\u00a0\u00bbfalse\u00a0\u00bb last_page=\u00a0\u00bbfalse\u00a0\u00bb sidebar=\u00a0\u00bbsidebar-1&Prime;][vc_column width=\u00a0\u00bb1\/6&Prime;][\/vc_column][vc_column width=\u00a0\u00bb5\/6&Prime;][mk_padding_divider size=\u00a0\u00bb70&Prime;][mk_fancy_title color=\u00a0\u00bb#30a0e7&Prime; size=\u00a0\u00bb50&Prime; txt_transform=\u00a0\u00bbnone\u00a0\u00bb margin_top=\u00a0\u00bb5&Prime; margin_bottom=\u00a0\u00bb5&Prime; font_family=\u00a0\u00bbMontserrat\u00a0\u00bb font_type=\u00a0\u00bbgoogle\u00a0\u00bb] Listes de handicaps SLVYRA PHRF valides [\/mk_fancy_title][\/vc_column][\/mk_page_section][vc_row padding=\u00a0\u00bb0&Prime;][vc_column width=\u00a0\u00bb1\/12&Prime;][\/vc_column][vc_column width=\u00a0\u00bb5\/6&Prime;][mk_fancy_title color=\u00a0\u00bb#222222&Prime; size=\u00a0\u00bb35&Prime; font_weight=\u00a0\u00bb300&Prime; txt_transform=\u00a0\u00bbcapitalize\u00a0\u00bb letter_spacing=\u00a0\u00bb1&Prime; margin_top=\u00a0\u00bb20&Prime; margin_bottom=\u00a0\u00bb0&Prime; font_family=\u00a0\u00bbMontserrat\u00a0\u00bb font_type=\u00a0\u00bbgoogle\u00a0\u00bb align=\u00a0\u00bbcenter\u00a0\u00bb]2021 Bateaux pour handicap\u00e9s [\/mk_fancy_title][vc_column_text disable_pattern=\u00a0\u00bbfalse\u00a0\u00bb align=\u00a0\u00bbcenter\u00a0\u00bb css=\u00a0\u00bb.vc_custom_1614614167012{margin-bottom: 0px !important;}\u00a0\u00bb] Cette liste [&hellip;]","og_url":"https:\/\/slvyra.com\/fr\/handicaps\/current-handicaps\/","og_site_name":"St.Lawrence Valley Yacht Racing Association","article_modified_time":"2021-03-01T15:56:14+00:00","twitter_card":"summary_large_image","twitter_misc":{"Dur\u00e9e de lecture estim\u00e9e":"1 minute"},"schema":{"@context":"https:\/\/schema.org","@graph":[{"@type":"WebPage","@id":"https:\/\/slvyra.com\/fr\/handicaps\/current-handicaps\/","url":"https:\/\/slvyra.com\/fr\/handicaps\/current-handicaps\/","name":"Current Handicaps - St.Lawrence Valley Yacht Racing Association","isPartOf":{"@id":"https:\/\/slvyra.com\/fr\/#website"},"datePublished":"2019-01-29T20:28:13+00:00","dateModified":"2021-03-01T15:56:14+00:00","breadcrumb":{"@id":"https:\/\/slvyra.com\/fr\/handicaps\/current-handicaps\/#breadcrumb"},"inLanguage":"fr-FR","potentialAction":[{"@type":"ReadAction","target":["https:\/\/slvyra.com\/fr\/handicaps\/current-handicaps\/"]}]},{"@type":"BreadcrumbList","@id":"https:\/\/slvyra.com\/fr\/handicaps\/current-handicaps\/#breadcrumb","itemListElement":[{"@type":"ListItem","position":1,"name":"Home","item":"https:\/\/slvyra.com\/fr\/"},{"@type":"ListItem","position":2,"name":"Handicaps","item":"https:\/\/slvyra.com\/fr\/handicaps\/"},{"@type":"ListItem","position":3,"name":"Current Handicaps"}]},{"@type":"WebSite","@id":"https:\/\/slvyra.com\/fr\/#website","url":"https:\/\/slvyra.com\/fr\/","name":"St.Lawrence Valley Yacht Racing Association","description":"All things SLVYRA","potentialAction":[{"@type":"SearchAction","target":{"@type":"EntryPoint","urlTemplate":"https:\/\/slvyra.com\/fr\/?s={search_term_string}"},"query-input":{"@type":"PropertyValueSpecification","valueRequired":true,"valueName":"search_term_string"}}],"inLanguage":"fr-FR"}]}},"_links":{"self":[{"href":"https:\/\/slvyra.com\/fr\/wp-json\/wp\/v2\/pages\/8293","targetHints":{"allow":["GET"]}}],"collection":[{"href":"https:\/\/slvyra.com\/fr\/wp-json\/wp\/v2\/pages"}],"about":[{"href":"https:\/\/slvyra.com\/fr\/wp-json\/wp\/v2\/types\/page"}],"author":[{"embeddable":true,"href":"https:\/\/slvyra.com\/fr\/wp-json\/wp\/v2\/users\/6"}],"replies":[{"embeddable":true,"href":"https:\/\/slvyra.com\/fr\/wp-json\/wp\/v2\/comments?post=8293"}],"version-history":[{"count":5,"href":"https:\/\/slvyra.com\/fr\/wp-json\/wp\/v2\/pages\/8293\/revisions"}],"predecessor-version":[{"id":8298,"href":"https:\/\/slvyra.com\/fr\/wp-json\/wp\/v2\/pages\/8293\/revisions\/8298"}],"up":[{"embeddable":true,"href":"https:\/\/slvyra.com\/fr\/wp-json\/wp\/v2\/pages\/6387"}],"wp:attachment":[{"href":"https:\/\/slvyra.com\/fr\/wp-json\/wp\/v2\/media?parent=8293"}],"curies":[{"name":"wp","href":"https:\/\/api.w.org\/{rel}","templated":true}]}}