{"id":8939,"date":"2021-12-23T16:37:57","date_gmt":"2021-12-23T16:37:57","guid":{"rendered":"https:\/\/slvyra.com\/?page_id=8939"},"modified":"2023-03-26T21:38:08","modified_gmt":"2023-03-26T21:38:08","slug":"serie-bons-voisin","status":"publish","type":"page","link":"https:\/\/slvyra.com\/fr\/calendar\/serie-bons-voisin\/","title":{"rendered":"S\u00e9rie bons voisins"},"content":{"rendered":"<div class=\"wpb-content-wrapper\">[mk_page_section bg_image=\u00a0\u00bbhttps:\/\/slvyra.com\/wp-content\/uploads\/2019\/01\/imgp7419-x3.jpg\u00a0\u00bb bg_position=\u00a0\u00bbcenter center\u00a0\u00bb bg_repeat=\u00a0\u00bbno-repeat\u00a0\u00bb bg_stretch=\u00a0\u00bbtrue\u00a0\u00bb video_color_mask=\u00a0\u00bb#000000&Prime; video_opacity=\u00a0\u00bb0.4&Prime; min_height=\u00a0\u00bb250&Prime; padding_top=\u00a0\u00bb70&Prime; padding_bottom=\u00a0\u00bb0&Prime; first_page=\u00a0\u00bbfalse\u00a0\u00bb last_page=\u00a0\u00bbfalse\u00a0\u00bb sidebar=\u00a0\u00bbsidebar-1&Prime;][vc_column width=\u00a0\u00bb1\/6&Prime;][\/vc_column][vc_column width=\u00a0\u00bb5\/6&Prime;][mk_fancy_title color=\u00a0\u00bb#30a0e7&Prime; size=\u00a0\u00bb50&Prime; font_weight=\u00a0\u00bbbold\u00a0\u00bb txt_transform=\u00a0\u00bbnone\u00a0\u00bb margin_top=\u00a0\u00bb10&Prime; margin_bottom=\u00a0\u00bb10&Prime; font_family=\u00a0\u00bbMontserrat\u00a0\u00bb font_type=\u00a0\u00bbgoogle\u00a0\u00bb]\n<div style=\"color: white; font-weight: normal;\"><span style=\"color: #ffffff;\"><span style=\"vertical-align: inherit;\"><span style=\"vertical-align: inherit;\">la saison de course SBV<\/span><\/span><\/span><\/div>\n[\/mk_fancy_title][\/vc_column][\/mk_page_section][mk_page_section][vc_column][vc_row_inner][vc_column_inner][\/vc_column_inner][\/vc_row_inner][mk_padding_divider size=\u00a0\u00bb25&Prime;][mk_fancy_title size=\u00a0\u00bb25&Prime; margin_bottom=\u00a0\u00bb5&Prime; font_family=\u00a0\u00bbnone\u00a0\u00bb]\n<p style=\"text-align: center;\">Le programme des courses est disponible sur le site Web de <a href=\"https:\/\/gnsracing.com\/?page_id=14\" target=\"_blank\" rel=\"noopener\">GNSRacing<\/a><\/p>\n[\/mk_fancy_title][mk_button dimension=\u00a0\u00bbflat\u00a0\u00bb size=\u00a0\u00bbmedium\u00a0\u00bb url=\u00a0\u00bbhttps:\/\/gnsracing.com\/?page_id=14&Prime; target=\u00a0\u00bb_blank\u00a0\u00bb align=\u00a0\u00bbcenter\u00a0\u00bb button_custom_width=\u00a0\u00bb300&Prime; bg_color=\u00a0\u00bb#eeee22&Prime; btn_hover_bg=\u00a0\u00bb#000000&Prime; text_color=\u00a0\u00bbdark\u00a0\u00bb btn_hover_txt_color=\u00a0\u00bb#eeee22&Prime;]visitez le site Web de GNSRacing[\/mk_button][vc_row_inner][vc_column_inner][mk_fancy_title size=\u00a0\u00bb15&Prime; font_weight=\u00a0\u00bbbold\u00a0\u00bb margin_bottom=\u00a0\u00bb5&Prime; font_family=\u00a0\u00bbnone\u00a0\u00bb]Afin de marquer \u00e9quitablement la course, vous devez avoir un handicap pour votre bateau. Si vous n&rsquo;avez pas particip\u00e9 \u00e0 des courses GNS dans le pass\u00e9, vous devez demander un handicap. Cliquez sur le lien ci-dessous.[\/mk_fancy_title][mk_button dimension=\u00a0\u00bbflat\u00a0\u00bb size=\u00a0\u00bbmedium\u00a0\u00bb url=\u00a0\u00bbhttps:\/\/slvyra.com\/fr\/handicaps\/demander-un-handicap\/\u00a0\u00bb align=\u00a0\u00bbcenter\u00a0\u00bb button_custom_width=\u00a0\u00bb300&Prime; bg_color=\u00a0\u00bb#1e73be\u00a0\u00bb btn_hover_bg=\u00a0\u00bb#81d742&Prime; btn_hover_txt_color=\u00a0\u00bb#000000&Prime;]DEMANDER UN HANDICAP[\/mk_button][\/vc_column_inner][\/vc_row_inner][\/vc_column][\/mk_page_section][vc_row padding=\u00a0\u00bb0&Prime;][vc_column offset=\u00a0\u00bbvc_hidden-lg vc_hidden-md vc_hidden-sm vc_hidden-xs\u00a0\u00bb][mk_fancy_title size=\u00a0\u00bb15&Prime; font_weight=\u00a0\u00bbbold\u00a0\u00bb margin_bottom=\u00a0\u00bb5&Prime; font_family=\u00a0\u00bbnone\u00a0\u00bb]Cliquez sur le bouton ci-dessous pour afficher la base de donn\u00e9es Sailwave et voir si vous \u00eates d\u00e9j\u00e0 inclus.[\/mk_fancy_title][mk_button dimension=\u00a0\u00bbflat\u00a0\u00bb size=\u00a0\u00bbmedium\u00a0\u00bb url=\u00a0\u00bbhttps:\/\/slvyra.com\/gns\/sailwave\/\u00a0\u00bb align=\u00a0\u00bbcenter\u00a0\u00bb button_custom_width=\u00a0\u00bb300&Prime; bg_color=\u00a0\u00bb#1e73be\u00a0\u00bb btn_hover_bg=\u00a0\u00bb#81d742&Prime; btn_hover_txt_color=\u00a0\u00bb#000000&Prime;]Base de donn\u00e9es SAILWAVE[\/mk_button][\/vc_column][\/vc_row]\n<\/div>","protected":false},"excerpt":{"rendered":"<p>[mk_page_section bg_image=\u00a0\u00bbhttps:\/\/slvyra.com\/wp-content\/uploads\/2019\/01\/imgp7419-x3.jpg\u00a0\u00bb bg_position=\u00a0\u00bbcenter center\u00a0\u00bb bg_repeat=\u00a0\u00bbno-repeat\u00a0\u00bb bg_stretch=\u00a0\u00bbtrue\u00a0\u00bb video_color_mask=\u00a0\u00bb#000000&Prime; video_opacity=\u00a0\u00bb0.4&Prime; min_height=\u00a0\u00bb250&Prime; padding_top=\u00a0\u00bb70&Prime; padding_bottom=\u00a0\u00bb0&Prime; first_page=\u00a0\u00bbfalse\u00a0\u00bb last_page=\u00a0\u00bbfalse\u00a0\u00bb sidebar=\u00a0\u00bbsidebar-1&Prime;][vc_column width=\u00a0\u00bb1\/6&Prime;][\/vc_column][vc_column width=\u00a0\u00bb5\/6&Prime;][mk_fancy_title color=\u00a0\u00bb#30a0e7&Prime; size=\u00a0\u00bb50&Prime; font_weight=\u00a0\u00bbbold\u00a0\u00bb txt_transform=\u00a0\u00bbnone\u00a0\u00bb margin_top=\u00a0\u00bb10&Prime; margin_bottom=\u00a0\u00bb10&Prime; font_family=\u00a0\u00bbMontserrat\u00a0\u00bb font_type=\u00a0\u00bbgoogle\u00a0\u00bb] la saison de course SBV [\/mk_fancy_title][\/vc_column][\/mk_page_section][mk_page_section][vc_column][vc_row_inner][vc_column_inner][\/vc_column_inner][\/vc_row_inner][mk_padding_divider size=\u00a0\u00bb25&Prime;][mk_fancy_title size=\u00a0\u00bb25&Prime; margin_bottom=\u00a0\u00bb5&Prime; font_family=\u00a0\u00bbnone\u00a0\u00bb] Le programme des courses est disponible sur le site Web de GNSRacing [\/mk_fancy_title][mk_button dimension=\u00a0\u00bbflat\u00a0\u00bb size=\u00a0\u00bbmedium\u00a0\u00bb url=\u00a0\u00bbhttps:\/\/gnsracing.com\/?page_id=14&Prime; target=\u00a0\u00bb_blank\u00a0\u00bb align=\u00a0\u00bbcenter\u00a0\u00bb button_custom_width=\u00a0\u00bb300&Prime; bg_color=\u00a0\u00bb#eeee22&Prime; btn_hover_bg=\u00a0\u00bb#000000&Prime; [&hellip;]<\/p>\n","protected":false},"author":9,"featured_media":0,"parent":6383,"menu_order":0,"comment_status":"open","ping_status":"open","template":"","meta":{"footnotes":""},"class_list":["post-8939","page","type-page","status-publish","hentry"],"yoast_head":"<!-- This site is optimized with the Yoast SEO plugin v27.2 - https:\/\/yoast.com\/product\/yoast-seo-wordpress\/ -->\n<title>S\u00e9rie bons voisins - St.Lawrence Valley Yacht Racing Association<\/title>\n<meta name=\"robots\" content=\"index, follow, max-snippet:-1, max-image-preview:large, max-video-preview:-1\" \/>\n<link rel=\"canonical\" href=\"https:\/\/slvyra.com\/fr\/calendar\/serie-bons-voisin\/\" \/>\n<meta property=\"og:locale\" content=\"fr_FR\" \/>\n<meta property=\"og:type\" content=\"article\" \/>\n<meta property=\"og:title\" content=\"S\u00e9rie bons voisins - St.Lawrence Valley Yacht Racing Association\" \/>\n<meta property=\"og:description\" content=\"[mk_page_section bg_image=\u00a0\u00bbhttps:\/\/slvyra.com\/wp-content\/uploads\/2019\/01\/imgp7419-x3.jpg\u00a0\u00bb bg_position=\u00a0\u00bbcenter center\u00a0\u00bb bg_repeat=\u00a0\u00bbno-repeat\u00a0\u00bb bg_stretch=\u00a0\u00bbtrue\u00a0\u00bb video_color_mask=\u00a0\u00bb#000000&Prime; video_opacity=\u00a0\u00bb0.4&Prime; min_height=\u00a0\u00bb250&Prime; padding_top=\u00a0\u00bb70&Prime; padding_bottom=\u00a0\u00bb0&Prime; first_page=\u00a0\u00bbfalse\u00a0\u00bb last_page=\u00a0\u00bbfalse\u00a0\u00bb sidebar=\u00a0\u00bbsidebar-1&Prime;][vc_column width=\u00a0\u00bb1\/6&Prime;][\/vc_column][vc_column width=\u00a0\u00bb5\/6&Prime;][mk_fancy_title color=\u00a0\u00bb#30a0e7&Prime; size=\u00a0\u00bb50&Prime; font_weight=\u00a0\u00bbbold\u00a0\u00bb txt_transform=\u00a0\u00bbnone\u00a0\u00bb margin_top=\u00a0\u00bb10&Prime; margin_bottom=\u00a0\u00bb10&Prime; font_family=\u00a0\u00bbMontserrat\u00a0\u00bb font_type=\u00a0\u00bbgoogle\u00a0\u00bb] la saison de course SBV [\/mk_fancy_title][\/vc_column][\/mk_page_section][mk_page_section][vc_column][vc_row_inner][vc_column_inner][\/vc_column_inner][\/vc_row_inner][mk_padding_divider size=\u00a0\u00bb25&Prime;][mk_fancy_title size=\u00a0\u00bb25&Prime; margin_bottom=\u00a0\u00bb5&Prime; font_family=\u00a0\u00bbnone\u00a0\u00bb] Le programme des courses est disponible sur le site Web de GNSRacing [\/mk_fancy_title][mk_button dimension=\u00a0\u00bbflat\u00a0\u00bb size=\u00a0\u00bbmedium\u00a0\u00bb url=\u00a0\u00bbhttps:\/\/gnsracing.com\/?page_id=14&Prime; target=\u00a0\u00bb_blank\u00a0\u00bb align=\u00a0\u00bbcenter\u00a0\u00bb button_custom_width=\u00a0\u00bb300&Prime; bg_color=\u00a0\u00bb#eeee22&Prime; btn_hover_bg=\u00a0\u00bb#000000&Prime; [&hellip;]\" \/>\n<meta property=\"og:url\" content=\"https:\/\/slvyra.com\/fr\/calendar\/serie-bons-voisin\/\" \/>\n<meta property=\"og:site_name\" content=\"St.Lawrence Valley Yacht Racing Association\" \/>\n<meta property=\"article:modified_time\" content=\"2023-03-26T21:38:08+00:00\" \/>\n<meta name=\"twitter:card\" content=\"summary_large_image\" \/>\n<meta name=\"twitter:label1\" content=\"Dur\u00e9e de lecture estim\u00e9e\" \/>\n\t<meta name=\"twitter:data1\" content=\"2 minutes\" \/>\n<script type=\"application\/ld+json\" class=\"yoast-schema-graph\">{\"@context\":\"https:\/\/schema.org\",\"@graph\":[{\"@type\":\"WebPage\",\"@id\":\"https:\/\/slvyra.com\/fr\/calendar\/serie-bons-voisin\/\",\"url\":\"https:\/\/slvyra.com\/fr\/calendar\/serie-bons-voisin\/\",\"name\":\"S\u00e9rie bons voisins - St.Lawrence Valley Yacht Racing Association\",\"isPartOf\":{\"@id\":\"https:\/\/slvyra.com\/fr\/#website\"},\"datePublished\":\"2021-12-23T16:37:57+00:00\",\"dateModified\":\"2023-03-26T21:38:08+00:00\",\"breadcrumb\":{\"@id\":\"https:\/\/slvyra.com\/fr\/calendar\/serie-bons-voisin\/#breadcrumb\"},\"inLanguage\":\"fr-FR\",\"potentialAction\":[{\"@type\":\"ReadAction\",\"target\":[\"https:\/\/slvyra.com\/fr\/calendar\/serie-bons-voisin\/\"]}]},{\"@type\":\"BreadcrumbList\",\"@id\":\"https:\/\/slvyra.com\/fr\/calendar\/serie-bons-voisin\/#breadcrumb\",\"itemListElement\":[{\"@type\":\"ListItem\",\"position\":1,\"name\":\"Home\",\"item\":\"https:\/\/slvyra.com\/fr\/\"},{\"@type\":\"ListItem\",\"position\":2,\"name\":\"Calendar\",\"item\":\"https:\/\/slvyra.com\/fr\/calendar\/\"},{\"@type\":\"ListItem\",\"position\":3,\"name\":\"S\u00e9rie bons voisins\"}]},{\"@type\":\"WebSite\",\"@id\":\"https:\/\/slvyra.com\/fr\/#website\",\"url\":\"https:\/\/slvyra.com\/fr\/\",\"name\":\"St.Lawrence Valley Yacht Racing Association\",\"description\":\"All things SLVYRA\",\"potentialAction\":[{\"@type\":\"SearchAction\",\"target\":{\"@type\":\"EntryPoint\",\"urlTemplate\":\"https:\/\/slvyra.com\/fr\/?s={search_term_string}\"},\"query-input\":{\"@type\":\"PropertyValueSpecification\",\"valueRequired\":true,\"valueName\":\"search_term_string\"}}],\"inLanguage\":\"fr-FR\"}]}<\/script>\n<!-- \/ Yoast SEO plugin. -->","yoast_head_json":{"title":"S\u00e9rie bons voisins - St.Lawrence Valley Yacht Racing Association","robots":{"index":"index","follow":"follow","max-snippet":"max-snippet:-1","max-image-preview":"max-image-preview:large","max-video-preview":"max-video-preview:-1"},"canonical":"https:\/\/slvyra.com\/fr\/calendar\/serie-bons-voisin\/","og_locale":"fr_FR","og_type":"article","og_title":"S\u00e9rie bons voisins - St.Lawrence Valley Yacht Racing Association","og_description":"[mk_page_section bg_image=\u00a0\u00bbhttps:\/\/slvyra.com\/wp-content\/uploads\/2019\/01\/imgp7419-x3.jpg\u00a0\u00bb bg_position=\u00a0\u00bbcenter center\u00a0\u00bb bg_repeat=\u00a0\u00bbno-repeat\u00a0\u00bb bg_stretch=\u00a0\u00bbtrue\u00a0\u00bb video_color_mask=\u00a0\u00bb#000000&Prime; video_opacity=\u00a0\u00bb0.4&Prime; min_height=\u00a0\u00bb250&Prime; padding_top=\u00a0\u00bb70&Prime; padding_bottom=\u00a0\u00bb0&Prime; first_page=\u00a0\u00bbfalse\u00a0\u00bb last_page=\u00a0\u00bbfalse\u00a0\u00bb sidebar=\u00a0\u00bbsidebar-1&Prime;][vc_column width=\u00a0\u00bb1\/6&Prime;][\/vc_column][vc_column width=\u00a0\u00bb5\/6&Prime;][mk_fancy_title color=\u00a0\u00bb#30a0e7&Prime; size=\u00a0\u00bb50&Prime; font_weight=\u00a0\u00bbbold\u00a0\u00bb txt_transform=\u00a0\u00bbnone\u00a0\u00bb margin_top=\u00a0\u00bb10&Prime; margin_bottom=\u00a0\u00bb10&Prime; font_family=\u00a0\u00bbMontserrat\u00a0\u00bb font_type=\u00a0\u00bbgoogle\u00a0\u00bb] la saison de course SBV [\/mk_fancy_title][\/vc_column][\/mk_page_section][mk_page_section][vc_column][vc_row_inner][vc_column_inner][\/vc_column_inner][\/vc_row_inner][mk_padding_divider size=\u00a0\u00bb25&Prime;][mk_fancy_title size=\u00a0\u00bb25&Prime; margin_bottom=\u00a0\u00bb5&Prime; font_family=\u00a0\u00bbnone\u00a0\u00bb] Le programme des courses est disponible sur le site Web de GNSRacing [\/mk_fancy_title][mk_button dimension=\u00a0\u00bbflat\u00a0\u00bb size=\u00a0\u00bbmedium\u00a0\u00bb url=\u00a0\u00bbhttps:\/\/gnsracing.com\/?page_id=14&Prime; target=\u00a0\u00bb_blank\u00a0\u00bb align=\u00a0\u00bbcenter\u00a0\u00bb button_custom_width=\u00a0\u00bb300&Prime; bg_color=\u00a0\u00bb#eeee22&Prime; btn_hover_bg=\u00a0\u00bb#000000&Prime; [&hellip;]","og_url":"https:\/\/slvyra.com\/fr\/calendar\/serie-bons-voisin\/","og_site_name":"St.Lawrence Valley Yacht Racing Association","article_modified_time":"2023-03-26T21:38:08+00:00","twitter_card":"summary_large_image","twitter_misc":{"Dur\u00e9e de lecture estim\u00e9e":"2 minutes"},"schema":{"@context":"https:\/\/schema.org","@graph":[{"@type":"WebPage","@id":"https:\/\/slvyra.com\/fr\/calendar\/serie-bons-voisin\/","url":"https:\/\/slvyra.com\/fr\/calendar\/serie-bons-voisin\/","name":"S\u00e9rie bons voisins - St.Lawrence Valley Yacht Racing Association","isPartOf":{"@id":"https:\/\/slvyra.com\/fr\/#website"},"datePublished":"2021-12-23T16:37:57+00:00","dateModified":"2023-03-26T21:38:08+00:00","breadcrumb":{"@id":"https:\/\/slvyra.com\/fr\/calendar\/serie-bons-voisin\/#breadcrumb"},"inLanguage":"fr-FR","potentialAction":[{"@type":"ReadAction","target":["https:\/\/slvyra.com\/fr\/calendar\/serie-bons-voisin\/"]}]},{"@type":"BreadcrumbList","@id":"https:\/\/slvyra.com\/fr\/calendar\/serie-bons-voisin\/#breadcrumb","itemListElement":[{"@type":"ListItem","position":1,"name":"Home","item":"https:\/\/slvyra.com\/fr\/"},{"@type":"ListItem","position":2,"name":"Calendar","item":"https:\/\/slvyra.com\/fr\/calendar\/"},{"@type":"ListItem","position":3,"name":"S\u00e9rie bons voisins"}]},{"@type":"WebSite","@id":"https:\/\/slvyra.com\/fr\/#website","url":"https:\/\/slvyra.com\/fr\/","name":"St.Lawrence Valley Yacht Racing Association","description":"All things SLVYRA","potentialAction":[{"@type":"SearchAction","target":{"@type":"EntryPoint","urlTemplate":"https:\/\/slvyra.com\/fr\/?s={search_term_string}"},"query-input":{"@type":"PropertyValueSpecification","valueRequired":true,"valueName":"search_term_string"}}],"inLanguage":"fr-FR"}]}},"_links":{"self":[{"href":"https:\/\/slvyra.com\/fr\/wp-json\/wp\/v2\/pages\/8939","targetHints":{"allow":["GET"]}}],"collection":[{"href":"https:\/\/slvyra.com\/fr\/wp-json\/wp\/v2\/pages"}],"about":[{"href":"https:\/\/slvyra.com\/fr\/wp-json\/wp\/v2\/types\/page"}],"author":[{"embeddable":true,"href":"https:\/\/slvyra.com\/fr\/wp-json\/wp\/v2\/users\/9"}],"replies":[{"embeddable":true,"href":"https:\/\/slvyra.com\/fr\/wp-json\/wp\/v2\/comments?post=8939"}],"version-history":[{"count":15,"href":"https:\/\/slvyra.com\/fr\/wp-json\/wp\/v2\/pages\/8939\/revisions"}],"predecessor-version":[{"id":9111,"href":"https:\/\/slvyra.com\/fr\/wp-json\/wp\/v2\/pages\/8939\/revisions\/9111"}],"up":[{"embeddable":true,"href":"https:\/\/slvyra.com\/fr\/wp-json\/wp\/v2\/pages\/6383"}],"wp:attachment":[{"href":"https:\/\/slvyra.com\/fr\/wp-json\/wp\/v2\/media?parent=8939"}],"curies":[{"name":"wp","href":"https:\/\/api.w.org\/{rel}","templated":true}]}}